{"id":3825,"date":"2023-09-15T04:51:04","date_gmt":"2023-09-15T08:51:04","guid":{"rendered":"https:\/\/troydualam.bluehat.hosting\/news\/"},"modified":"2024-08-23T09:58:57","modified_gmt":"2024-08-23T13:58:57","slug":"news","status":"publish","type":"page","link":"https:\/\/troydualam.bluehat.hosting\/fr\/news\/","title":{"rendered":"Nouvelles"},"content":{"rendered":"\t\t<div data-elementor-type=\"wp-page\" data-elementor-id=\"3825\" class=\"elementor elementor-3825 elementor-1120\" data-elementor-post-type=\"page\">\n\t\t\t\t<div class=\"elementor-element elementor-element-0886b4c e-flex e-con-boxed e-con e-parent\" data-id=\"0886b4c\" data-element_type=\"container\" data-e-type=\"container\">\n\t\t\t\t\t<div class=\"e-con-inner\">\n\t\t\t\t<div class=\"elementor-element elementor-element-a1d4f69 elementor-widget elementor-widget-posts-home-blog-gridtwo\" data-id=\"a1d4f69\" data-element_type=\"widget\" data-e-type=\"widget\" data-widget_type=\"posts-home-blog-gridtwo.default\">\n\t\t\t\t<div class=\"elementor-widget-container\">\n\t\t\t\t\t\t\t\n\t\n\n\t\t\n\n       \t\t<!--News One Start -->\n\n            <section class=\"blog-post-area pt-120 pb-90 theme-blog-two-wrapper\" data-animation=\"animationContainer\">\n                <div class=\"container\">\n                    <div class=\"row justify-content-center\">\n                        <div class=\"col-lg-6\">\n                            <div class=\"section-title text-center mb-50\">\n                                <span class=\"sub-title\">\n                                    <strong class=\"left-shape\">\n                                        <svg xmlns=\"http:\/\/www.w3.org\/2000\/svg\" width=\"39\" height=\"18\" viewBox=\"0 0 39 18\" fill=\"none\">\n                                            <path d=\"M39 0V3.5H2.6L0 0H39Z\" fill=\"currentcolor\" \/>\n                                            <path d=\"M39 7.20001V10.7H8.00002L5.40002 7.20001H39Z\" fill=\"currentcolor\" \/>\n                                            <path d=\"M39 14.4V17.9H13.5L10.9 14.4H39Z\" fill=\"currentcolor\" \/>\n                                        <\/svg>\n                                    <\/strong>\n                                    Nos Actualit\u00e9s                                    <strong class=\"right-shape\">\n                                        <svg xmlns=\"http:\/\/www.w3.org\/2000\/svg\" width=\"39\" height=\"18\" viewBox=\"0 0 39 18\" fill=\"none\">\n                                            <path d=\"M0 0V3.5H36.4L39 0H0Z\" fill=\"currentcolor\" \/>\n                                            <path d=\"M0 7.20001V10.7H31L33.6 7.20001H0Z\" fill=\"currentcolor\" \/>\n                                            <path d=\"M0 14.4V17.9H25.5L28.2 14.4H0Z\" fill=\"currentcolor\" \/>\n                                        <\/svg>\n                                    <\/strong>\n                                <\/span>\n                                <h2 class=\"title\" data-splitting=\"chars\" data-animation=\"innerAnimated\">Communiqu\u00e9s de presse<\/h2>\n                            <\/div>\n                        <\/div>\n                    <\/div>\n                    <div class=\"row justify-content-center\">\n\n\t\t\t\t\n\t\t\t\t\t<!--News One Single Start-->\n\n\t\t\t\t\t<div class=\"col-lg-4 col-md-6\">\n                        <div class=\"blog-post-item\">\n                            <div class=\"blog-post-content\">\n                                <div class=\"blog-meta\">\n                                    <ul class=\"list-wrap\">\n                                        <li><i class=\"fas fa-calendar-alt\"><\/i>Juil 19, 2024<\/li>\n                                        <li><i class=\"far fa-user\"><\/i><a href=\"https:\/\/troydualam.bluehat.hosting\" title=\"Aller sur le site de admin\" rel=\"author external\">admin<\/a><\/li>\n                                    <\/ul>\n                                <\/div>\n                                <h3 class=\"title\"><a href=\"https:\/\/troydualam.bluehat.hosting\/fr\/press-release-december-1-2023\/\">Communiqu\u00e9 de presse : 1er d\u00e9cembre 2023<\/a><\/h3>\n                                <div class=\"blog-post-thumb\">\n\n                                    <a href=\"https:\/\/troydualam.bluehat.hosting\/fr\/press-release-december-1-2023\/\">\n                            \t\t<img decoding=\"async\" src=\"\" alt=\"\">\n                            \t\t<\/a>\n\n\n                                     \n   \n\t \n\n\t\n\t<a class=\"news-cat_Name tag\" href=\"https:\/\/troydualam.bluehat.hosting\/fr\/category\/news-fr\/\" style=\"background-color:#0073ff1a; color:#0073FF\">\n\t\t<i class=\"fas fa-tag\"><\/i>News\t<\/a>\n   \n\t\n                                <\/div>\n\n                                <p>Guyle McCuaig, v\u00e9t\u00e9ran de l&rsquo;industrie, rejoint Troy Dualam Inc. pour diriger les initiatives Dualaminate et FRP Brockville, Ontario \u2014 1er<\/p>\n\n                                <a href=\"https:\/\/troydualam.bluehat.hosting\/fr\/press-release-december-1-2023\/\" class=\"link-btn\">READ MORE<\/a>\n                            <\/div>\n                        <\/div>\n                    <\/div>\n\n                \t<!--News One Single End-->\n\n\t\t\t\t\n\t\t\t\t\t<!--News One Single Start-->\n\n\t\t\t\t\t<div class=\"col-lg-4 col-md-6\">\n                        <div class=\"blog-post-item\">\n                            <div class=\"blog-post-content\">\n                                <div class=\"blog-meta\">\n                                    <ul class=\"list-wrap\">\n                                        <li><i class=\"fas fa-calendar-alt\"><\/i>Juil 19, 2024<\/li>\n                                        <li><i class=\"far fa-user\"><\/i><a href=\"https:\/\/troydualam.bluehat.hosting\" title=\"Aller sur le site de admin\" rel=\"author external\">admin<\/a><\/li>\n                                    <\/ul>\n                                <\/div>\n                                <h3 class=\"title\"><a href=\"https:\/\/troydualam.bluehat.hosting\/fr\/press-release-may-2021-comminque-de-presse-mai-2021\/\">Communiqu\u00e9 de presse : mai 2021 \/ Comminqu\u00e9 de Presse, mai 2021<\/a><\/h3>\n                                <div class=\"blog-post-thumb\">\n\n                                    <a href=\"https:\/\/troydualam.bluehat.hosting\/fr\/press-release-may-2021-comminque-de-presse-mai-2021\/\">\n                            \t\t<img decoding=\"async\" src=\"\" alt=\"\">\n                            \t\t<\/a>\n\n\n                                     \n   \n\t \n\n\t\n\t<a class=\"news-cat_Name tag\" href=\"https:\/\/troydualam.bluehat.hosting\/fr\/category\/news-fr\/\" style=\"background-color:#0073ff1a; color:#0073FF\">\n\t\t<i class=\"fas fa-tag\"><\/i>News\t<\/a>\n   \n\t\n                                <\/div>\n\n                                <p>Brockville, le 28 mai 2021 COMMUNIQU\u00c9 DE PRESSE Troy Dualam Inc. est fier d&rsquo;annoncer le lancement d&rsquo;une division de services<\/p>\n\n                                <a href=\"https:\/\/troydualam.bluehat.hosting\/fr\/press-release-may-2021-comminque-de-presse-mai-2021\/\" class=\"link-btn\">READ MORE<\/a>\n                            <\/div>\n                        <\/div>\n                    <\/div>\n\n                \t<!--News One Single End-->\n\n\t\t\t\t\n\t\t\t\t\t<!--News One Single Start-->\n\n\t\t\t\t\t<div class=\"col-lg-4 col-md-6\">\n                        <div class=\"blog-post-item\">\n                            <div class=\"blog-post-content\">\n                                <div class=\"blog-meta\">\n                                    <ul class=\"list-wrap\">\n                                        <li><i class=\"fas fa-calendar-alt\"><\/i>Juil 19, 2024<\/li>\n                                        <li><i class=\"far fa-user\"><\/i><a href=\"https:\/\/troydualam.bluehat.hosting\" title=\"Aller sur le site de admin\" rel=\"author external\">admin<\/a><\/li>\n                                    <\/ul>\n                                <\/div>\n                                <h3 class=\"title\"><a href=\"https:\/\/troydualam.bluehat.hosting\/fr\/press-release-may-2020\/\">Communiqu\u00e9 de presse : mai 2020<\/a><\/h3>\n                                <div class=\"blog-post-thumb\">\n\n                                    <a href=\"https:\/\/troydualam.bluehat.hosting\/fr\/press-release-may-2020\/\">\n                            \t\t<img decoding=\"async\" src=\"\" alt=\"\">\n                            \t\t<\/a>\n\n\n                                     \n   \n\t \n\n\t\n\t<a class=\"news-cat_Name tag\" href=\"https:\/\/troydualam.bluehat.hosting\/fr\/category\/news-fr\/\" style=\"background-color:#0073ff1a; color:#0073FF\">\n\t\t<i class=\"fas fa-tag\"><\/i>News\t<\/a>\n   \n\t\n                                <\/div>\n\n                                <p>Nous sommes heureux d&rsquo;accueillir M.\u00a0 Houssam Haidar\u00a0 (Sam) au sein de l&rsquo;\u00e9quipe de Troy Dualam bas\u00e9e \u00e0 Brockville, en Ontario.<\/p>\n\n                                <a href=\"https:\/\/troydualam.bluehat.hosting\/fr\/press-release-may-2020\/\" class=\"link-btn\">READ MORE<\/a>\n                            <\/div>\n                        <\/div>\n                    <\/div>\n\n                \t<!--News One Single End-->\n\n\t\t\t\t\n\t\t\t\t\t<!--News One Single Start-->\n\n\t\t\t\t\t<div class=\"col-lg-4 col-md-6\">\n                        <div class=\"blog-post-item\">\n                            <div class=\"blog-post-content\">\n                                <div class=\"blog-meta\">\n                                    <ul class=\"list-wrap\">\n                                        <li><i class=\"fas fa-calendar-alt\"><\/i>Juil 19, 2024<\/li>\n                                        <li><i class=\"far fa-user\"><\/i><a href=\"https:\/\/troydualam.bluehat.hosting\" title=\"Aller sur le site de admin\" rel=\"author external\">admin<\/a><\/li>\n                                    <\/ul>\n                                <\/div>\n                                <h3 class=\"title\"><a href=\"https:\/\/troydualam.bluehat.hosting\/fr\/press-release-september-19-2019\/\">Communiqu\u00e9 de presse : 19 septembre 2019<\/a><\/h3>\n                                <div class=\"blog-post-thumb\">\n\n                                    <a href=\"https:\/\/troydualam.bluehat.hosting\/fr\/press-release-september-19-2019\/\">\n                            \t\t<img decoding=\"async\" src=\"\" alt=\"\">\n                            \t\t<\/a>\n\n\n                                     \n   \n\t \n\n\t\n\t<a class=\"news-cat_Name tag\" href=\"https:\/\/troydualam.bluehat.hosting\/fr\/category\/news-fr\/\" style=\"background-color:#0073ff1a; color:#0073FF\">\n\t\t<i class=\"fas fa-tag\"><\/i>News\t<\/a>\n   \n\t\n                                <\/div>\n\n                                <p>Troy Dualam vient de finaliser l&rsquo;acquisition des actifs strat\u00e9giques cl\u00e9s de Plasticon Canada Ltd. Ces actifs comprennent les stocks de<\/p>\n\n                                <a href=\"https:\/\/troydualam.bluehat.hosting\/fr\/press-release-september-19-2019\/\" class=\"link-btn\">READ MORE<\/a>\n                            <\/div>\n                        <\/div>\n                    <\/div>\n\n                \t<!--News One Single End-->\n\n\t\t\t\t\n\t\t\t\t\t<!--News One Single Start-->\n\n\t\t\t\t\t<div class=\"col-lg-4 col-md-6\">\n                        <div class=\"blog-post-item\">\n                            <div class=\"blog-post-content\">\n                                <div class=\"blog-meta\">\n                                    <ul class=\"list-wrap\">\n                                        <li><i class=\"fas fa-calendar-alt\"><\/i>Juil 19, 2024<\/li>\n                                        <li><i class=\"far fa-user\"><\/i><a href=\"https:\/\/troydualam.bluehat.hosting\" title=\"Aller sur le site de admin\" rel=\"author external\">admin<\/a><\/li>\n                                    <\/ul>\n                                <\/div>\n                                <h3 class=\"title\"><a href=\"https:\/\/troydualam.bluehat.hosting\/fr\/celebrating-second-anniversary\/\">C\u00e9l\u00e9bration du deuxi\u00e8me anniversaire<\/a><\/h3>\n                                <div class=\"blog-post-thumb\">\n\n                                    <a href=\"https:\/\/troydualam.bluehat.hosting\/fr\/celebrating-second-anniversary\/\">\n                            \t\t<img decoding=\"async\" src=\"\" alt=\"\">\n                            \t\t<\/a>\n\n\n                                     \n   \n\t \n\n\t\n\t<a class=\"news-cat_Name tag\" href=\"https:\/\/troydualam.bluehat.hosting\/fr\/category\/news-fr\/\" style=\"background-color:#0073ff1a; color:#0073FF\">\n\t\t<i class=\"fas fa-tag\"><\/i>News\t<\/a>\n   \n\t\n                                <\/div>\n\n                                <p>\u00c0 : Clients, fournisseurs, employ\u00e9s et parties prenantes Le 1er octobre 2018, Troy Dualam a c\u00e9l\u00e9br\u00e9 son deuxi\u00e8me anniversaire. Nous<\/p>\n\n                                <a href=\"https:\/\/troydualam.bluehat.hosting\/fr\/celebrating-second-anniversary\/\" class=\"link-btn\">READ MORE<\/a>\n                            <\/div>\n                        <\/div>\n                    <\/div>\n\n                \t<!--News One Single End-->\n\n\t\t\t\t\n\n                <\/div>\n\n            <\/div>\n        <\/section>\n        <!--News One End -->\n\t\t\n\t\t\t\t\n\t\t\n\t\n\t\t\t\t\t<\/div>\n\t\t\t\t<\/div>\n\t\t\t\t\t<\/div>\n\t\t\t\t<\/div>\n\t\t\t\t<\/div>\n\t\t","protected":false},"excerpt":{"rendered":"<p>Nos Actualit\u00e9s Communiqu\u00e9s de presse Jul 19, 2024 admin Communiqu\u00e9 de presse : 1er d\u00e9cembre 2023 News Guyle McCuaig, v\u00e9t\u00e9ran de l&#8217;industrie, rejoint Troy Dualam Inc. pour diriger les initiatives Dualaminate et FRP Brockville, Ontario \u2014 1er READ MORE Jul 19, 2024 admin Communiqu\u00e9 de presse : mai 2021 \/ Comminqu\u00e9 de Presse, mai 2021 [&hellip;]<\/p>\n","protected":false},"author":1,"featured_media":0,"parent":0,"menu_order":0,"comment_status":"closed","ping_status":"closed","template":"","meta":{"footnotes":""},"class_list":["post-3825","page","type-page","status-publish","hentry"],"yoast_head":"<!-- This site is optimized with the Yoast SEO plugin v25.6 - https:\/\/yoast.com\/wordpress\/plugins\/seo\/ -->\n<title>ACTUALIT\u00c9S - Troy Dualam Inc.<\/title>\n<meta name=\"description\" content=\"D\u00e9couvrez les nouveaut\u00e9s chez Troy Dualam Inc. Nous ajoutons toujours des actualit\u00e9s sur notre site concernant les PRV, les lamin\u00e9s doubles, et bien plus encore.\" \/>\n<meta name=\"robots\" content=\"noindex, follow, max-snippet:-1, max-image-preview:large, max-video-preview:-1\" \/>\n<meta property=\"og:locale\" content=\"fr_FR\" \/>\n<meta property=\"og:type\" content=\"article\" \/>\n<meta property=\"og:title\" content=\"ACTUALIT\u00c9S - Troy Dualam Inc.\" \/>\n<meta property=\"og:description\" content=\"D\u00e9couvrez les nouveaut\u00e9s chez Troy Dualam Inc. Nous ajoutons toujours des actualit\u00e9s sur notre site concernant les PRV, les lamin\u00e9s doubles, et bien plus encore.\" \/>\n<meta property=\"og:url\" content=\"https:\/\/troydualam.bluehat.hosting\/fr\/news\/\" \/>\n<meta property=\"og:site_name\" content=\"FRP Storage Tanks - Troy Dualam Canada - Fiberglass Reinforced Plastic\" \/>\n<meta property=\"article:modified_time\" content=\"2024-08-23T13:58:57+00:00\" \/>\n<meta name=\"twitter:card\" content=\"summary_large_image\" \/>\n<meta name=\"twitter:label1\" content=\"Dur\u00e9e de lecture estim\u00e9e\" \/>\n\t<meta name=\"twitter:data1\" content=\"2 minutes\" \/>\n<script type=\"application\/ld+json\" class=\"yoast-schema-graph\">{\"@context\":\"https:\/\/schema.org\",\"@graph\":[{\"@type\":\"WebPage\",\"@id\":\"https:\/\/troydualam.bluehat.hosting\/fr\/news\/\",\"url\":\"https:\/\/troydualam.bluehat.hosting\/fr\/news\/\",\"name\":\"ACTUALIT\u00c9S - Troy Dualam Inc.\",\"isPartOf\":{\"@id\":\"https:\/\/troydualam.bluehat.hosting\/#website\"},\"datePublished\":\"2023-09-15T08:51:04+00:00\",\"dateModified\":\"2024-08-23T13:58:57+00:00\",\"description\":\"D\u00e9couvrez les nouveaut\u00e9s chez Troy Dualam Inc. Nous ajoutons toujours des actualit\u00e9s sur notre site concernant les PRV, les lamin\u00e9s doubles, et bien plus encore.\",\"breadcrumb\":{\"@id\":\"https:\/\/troydualam.bluehat.hosting\/fr\/news\/#breadcrumb\"},\"inLanguage\":\"fr-FR\",\"potentialAction\":[{\"@type\":\"ReadAction\",\"target\":[\"https:\/\/troydualam.bluehat.hosting\/fr\/news\/\"]}]},{\"@type\":\"BreadcrumbList\",\"@id\":\"https:\/\/troydualam.bluehat.hosting\/fr\/news\/#breadcrumb\",\"itemListElement\":[{\"@type\":\"ListItem\",\"position\":1,\"name\":\"Home\",\"item\":\"https:\/\/troydualam.bluehat.hosting\/fr\/\"},{\"@type\":\"ListItem\",\"position\":2,\"name\":\"Nouvelles\"}]},{\"@type\":\"WebSite\",\"@id\":\"https:\/\/troydualam.bluehat.hosting\/#website\",\"url\":\"https:\/\/troydualam.bluehat.hosting\/\",\"name\":\"FRP Storage Tanks - Troy Dualam Canada - Fiberglass Reinforced Plastic\",\"description\":\"\",\"publisher\":{\"@id\":\"https:\/\/troydualam.bluehat.hosting\/#organization\"},\"potentialAction\":[{\"@type\":\"SearchAction\",\"target\":{\"@type\":\"EntryPoint\",\"urlTemplate\":\"https:\/\/troydualam.bluehat.hosting\/?s={search_term_string}\"},\"query-input\":{\"@type\":\"PropertyValueSpecification\",\"valueRequired\":true,\"valueName\":\"search_term_string\"}}],\"inLanguage\":\"fr-FR\"},{\"@type\":\"Organization\",\"@id\":\"https:\/\/troydualam.bluehat.hosting\/#organization\",\"name\":\"FRP Storage Tanks - Troy Dualam Canada - Fiberglass Reinforced Plastic\",\"url\":\"https:\/\/troydualam.bluehat.hosting\/\",\"logo\":{\"@type\":\"ImageObject\",\"inLanguage\":\"fr-FR\",\"@id\":\"https:\/\/troydualam.bluehat.hosting\/#\/schema\/logo\/image\/\",\"url\":\"https:\/\/troydualam.bluehat.hosting\/wp-content\/uploads\/2024\/07\/main-logo.png\",\"contentUrl\":\"https:\/\/troydualam.bluehat.hosting\/wp-content\/uploads\/2024\/07\/main-logo.png\",\"width\":155,\"height\":90,\"caption\":\"FRP Storage Tanks - Troy Dualam Canada - Fiberglass Reinforced Plastic\"},\"image\":{\"@id\":\"https:\/\/troydualam.bluehat.hosting\/#\/schema\/logo\/image\/\"}}]}<\/script>\n<!-- \/ Yoast SEO plugin. -->","yoast_head_json":{"title":"ACTUALIT\u00c9S - Troy Dualam Inc.","description":"D\u00e9couvrez les nouveaut\u00e9s chez Troy Dualam Inc. Nous ajoutons toujours des actualit\u00e9s sur notre site concernant les PRV, les lamin\u00e9s doubles, et bien plus encore.","robots":{"index":"noindex","follow":"follow","max-snippet":"max-snippet:-1","max-image-preview":"max-image-preview:large","max-video-preview":"max-video-preview:-1"},"og_locale":"fr_FR","og_type":"article","og_title":"ACTUALIT\u00c9S - Troy Dualam Inc.","og_description":"D\u00e9couvrez les nouveaut\u00e9s chez Troy Dualam Inc. Nous ajoutons toujours des actualit\u00e9s sur notre site concernant les PRV, les lamin\u00e9s doubles, et bien plus encore.","og_url":"https:\/\/troydualam.bluehat.hosting\/fr\/news\/","og_site_name":"FRP Storage Tanks - Troy Dualam Canada - Fiberglass Reinforced Plastic","article_modified_time":"2024-08-23T13:58:57+00:00","twitter_card":"summary_large_image","twitter_misc":{"Dur\u00e9e de lecture estim\u00e9e":"2 minutes"},"schema":{"@context":"https:\/\/schema.org","@graph":[{"@type":"WebPage","@id":"https:\/\/troydualam.bluehat.hosting\/fr\/news\/","url":"https:\/\/troydualam.bluehat.hosting\/fr\/news\/","name":"ACTUALIT\u00c9S - Troy Dualam Inc.","isPartOf":{"@id":"https:\/\/troydualam.bluehat.hosting\/#website"},"datePublished":"2023-09-15T08:51:04+00:00","dateModified":"2024-08-23T13:58:57+00:00","description":"D\u00e9couvrez les nouveaut\u00e9s chez Troy Dualam Inc. Nous ajoutons toujours des actualit\u00e9s sur notre site concernant les PRV, les lamin\u00e9s doubles, et bien plus encore.","breadcrumb":{"@id":"https:\/\/troydualam.bluehat.hosting\/fr\/news\/#breadcrumb"},"inLanguage":"fr-FR","potentialAction":[{"@type":"ReadAction","target":["https:\/\/troydualam.bluehat.hosting\/fr\/news\/"]}]},{"@type":"BreadcrumbList","@id":"https:\/\/troydualam.bluehat.hosting\/fr\/news\/#breadcrumb","itemListElement":[{"@type":"ListItem","position":1,"name":"Home","item":"https:\/\/troydualam.bluehat.hosting\/fr\/"},{"@type":"ListItem","position":2,"name":"Nouvelles"}]},{"@type":"WebSite","@id":"https:\/\/troydualam.bluehat.hosting\/#website","url":"https:\/\/troydualam.bluehat.hosting\/","name":"FRP Storage Tanks - Troy Dualam Canada - Fiberglass Reinforced Plastic","description":"","publisher":{"@id":"https:\/\/troydualam.bluehat.hosting\/#organization"},"potentialAction":[{"@type":"SearchAction","target":{"@type":"EntryPoint","urlTemplate":"https:\/\/troydualam.bluehat.hosting\/?s={search_term_string}"},"query-input":{"@type":"PropertyValueSpecification","valueRequired":true,"valueName":"search_term_string"}}],"inLanguage":"fr-FR"},{"@type":"Organization","@id":"https:\/\/troydualam.bluehat.hosting\/#organization","name":"FRP Storage Tanks - Troy Dualam Canada - Fiberglass Reinforced Plastic","url":"https:\/\/troydualam.bluehat.hosting\/","logo":{"@type":"ImageObject","inLanguage":"fr-FR","@id":"https:\/\/troydualam.bluehat.hosting\/#\/schema\/logo\/image\/","url":"https:\/\/troydualam.bluehat.hosting\/wp-content\/uploads\/2024\/07\/main-logo.png","contentUrl":"https:\/\/troydualam.bluehat.hosting\/wp-content\/uploads\/2024\/07\/main-logo.png","width":155,"height":90,"caption":"FRP Storage Tanks - Troy Dualam Canada - Fiberglass Reinforced Plastic"},"image":{"@id":"https:\/\/troydualam.bluehat.hosting\/#\/schema\/logo\/image\/"}}]}},"_links":{"self":[{"href":"https:\/\/troydualam.bluehat.hosting\/fr\/wp-json\/wp\/v2\/pages\/3825"}],"collection":[{"href":"https:\/\/troydualam.bluehat.hosting\/fr\/wp-json\/wp\/v2\/pages"}],"about":[{"href":"https:\/\/troydualam.bluehat.hosting\/fr\/wp-json\/wp\/v2\/types\/page"}],"author":[{"embeddable":true,"href":"https:\/\/troydualam.bluehat.hosting\/fr\/wp-json\/wp\/v2\/users\/1"}],"replies":[{"embeddable":true,"href":"https:\/\/troydualam.bluehat.hosting\/fr\/wp-json\/wp\/v2\/comments?post=3825"}],"version-history":[{"count":8,"href":"https:\/\/troydualam.bluehat.hosting\/fr\/wp-json\/wp\/v2\/pages\/3825\/revisions"}],"predecessor-version":[{"id":3837,"href":"https:\/\/troydualam.bluehat.hosting\/fr\/wp-json\/wp\/v2\/pages\/3825\/revisions\/3837"}],"wp:attachment":[{"href":"https:\/\/troydualam.bluehat.hosting\/fr\/wp-json\/wp\/v2\/media?parent=3825"}],"curies":[{"name":"wp","href":"https:\/\/api.w.org\/{rel}","templated":true}]}}