{"id":3182,"date":"2024-07-25T11:56:01","date_gmt":"2024-07-25T15:56:01","guid":{"rendered":"https:\/\/troydualam.bluehat.hosting\/history\/"},"modified":"2024-08-23T10:13:41","modified_gmt":"2024-08-23T14:13:41","slug":"history","status":"publish","type":"page","link":"https:\/\/troydualam.bluehat.hosting\/fr\/history\/","title":{"rendered":"L&rsquo;histoire de Troie Dualam"},"content":{"rendered":"\t\t<div data-elementor-type=\"wp-page\" data-elementor-id=\"3182\" class=\"elementor elementor-3182 elementor-2245\" data-elementor-post-type=\"page\">\n\t\t\t\t<div class=\"elementor-element elementor-element-47fbe57 e-flex e-con-boxed e-con e-parent\" data-id=\"47fbe57\" data-element_type=\"container\" data-e-type=\"container\">\n\t\t\t\t\t<div class=\"e-con-inner\">\n\t\t<div class=\"elementor-element elementor-element-6a571a9 e-flex e-con-boxed e-con e-child\" data-id=\"6a571a9\" data-element_type=\"container\" data-e-type=\"container\">\n\t\t\t\t\t<div class=\"e-con-inner\">\n\t\t\t\t<div class=\"elementor-element elementor-element-d4cea33 elementor-widget elementor-widget-heading\" data-id=\"d4cea33\" data-element_type=\"widget\" data-e-type=\"widget\" data-widget_type=\"heading.default\">\n\t\t\t\t<div class=\"elementor-widget-container\">\n\t\t\t\t\t<h5 class=\"elementor-heading-title elementor-size-default\">Notre histoire<\/h5>\t\t\t\t<\/div>\n\t\t\t\t<\/div>\n\t\t\t\t<div class=\"elementor-element elementor-element-ca01e03 elementor-widget elementor-widget-heading\" data-id=\"ca01e03\" data-element_type=\"widget\" data-e-type=\"widget\" data-widget_type=\"heading.default\">\n\t\t\t\t<div class=\"elementor-widget-container\">\n\t\t\t\t\t<h2 class=\"elementor-heading-title elementor-size-default\">L'histoire de Troie Dualam<\/h2>\t\t\t\t<\/div>\n\t\t\t\t<\/div>\n\t\t\t\t<div class=\"elementor-element elementor-element-5006429 elementor-widget-divider--view-line elementor-widget elementor-widget-divider\" data-id=\"5006429\" data-element_type=\"widget\" data-e-type=\"widget\" data-widget_type=\"divider.default\">\n\t\t\t\t<div class=\"elementor-widget-container\">\n\t\t\t\t\t\t\t<div class=\"elementor-divider\">\n\t\t\t<span class=\"elementor-divider-separator\">\n\t\t\t\t\t\t<\/span>\n\t\t<\/div>\n\t\t\t\t\t\t<\/div>\n\t\t\t\t<\/div>\n\t\t\t\t<div class=\"elementor-element elementor-element-44f1b03 elementor-tabs-view-horizontal elementor-widget elementor-widget-tabs\" data-id=\"44f1b03\" data-element_type=\"widget\" data-e-type=\"widget\" data-widget_type=\"tabs.default\">\n\t\t\t\t<div class=\"elementor-widget-container\">\n\t\t\t\t\t\t\t<div class=\"elementor-tabs\">\n\t\t\t<div class=\"elementor-tabs-wrapper\" role=\"tablist\" >\n\t\t\t\t\t\t\t\t\t<div id=\"elementor-tab-title-7221\" class=\"elementor-tab-title elementor-tab-desktop-title\" aria-selected=\"true\" data-tab=\"1\" role=\"tab\" tabindex=\"0\" aria-controls=\"elementor-tab-content-7221\" aria-expanded=\"false\">Fond\u00e9<\/div>\n\t\t\t\t\t\t\t\t\t<div id=\"elementor-tab-title-7222\" class=\"elementor-tab-title elementor-tab-desktop-title\" aria-selected=\"false\" data-tab=\"2\" role=\"tab\" tabindex=\"-1\" aria-controls=\"elementor-tab-content-7222\" aria-expanded=\"false\">\u00c9tendu<\/div>\n\t\t\t\t\t\t\t\t\t<div id=\"elementor-tab-title-7223\" class=\"elementor-tab-title elementor-tab-desktop-title\" aria-selected=\"false\" data-tab=\"3\" role=\"tab\" tabindex=\"-1\" aria-controls=\"elementor-tab-content-7223\" aria-expanded=\"false\">\u00c9tabli<\/div>\n\t\t\t\t\t\t\t<\/div>\n\t\t\t<div class=\"elementor-tabs-content-wrapper\" role=\"tablist\" aria-orientation=\"vertical\">\n\t\t\t\t\t\t\t\t\t<div class=\"elementor-tab-title elementor-tab-mobile-title\" aria-selected=\"true\" data-tab=\"1\" role=\"tab\" tabindex=\"0\" aria-controls=\"elementor-tab-content-7221\" aria-expanded=\"false\">Fond\u00e9<\/div>\n\t\t\t\t\t<div id=\"elementor-tab-content-7221\" class=\"elementor-tab-content elementor-clearfix\" data-tab=\"1\" role=\"tabpanel\" aria-labelledby=\"elementor-tab-title-7221\" tabindex=\"0\" hidden=\"false\"><p>CPF Dualam a \u00e9t\u00e9 fond\u00e9e en 1956 par John Kidd sous le nom de Canadian Plastics Fabricators, devenant plus tard CPF Plastics et CPF Dualam dans les ann\u00e9es 1970. L&rsquo;entreprise a \u00e9t\u00e9 rachet\u00e9e en 1990 par Dualam Plastics, dirig\u00e9e par Paul Habib.<\/p><p>Dualam a \u00e9t\u00e9 l&rsquo;une des premi\u00e8res entreprises \u00e0 fabriquer des canalisations et des cuves de traitement combinant des thermoplastiques et des r\u00e9sines thermodurcies renforc\u00e9es de fibre de verre. Il est devenu la norme en mati\u00e8re de technologie et de qualit\u00e9 aupr\u00e8s de clients prestigieux tels que Dow Chemical, Olin Chemical, PPG et bien d&rsquo;autres transformateurs chimiques, notamment dans l&rsquo;industrie du chloralcali. Alors que de plus en plus d&rsquo;entreprises reconnaissaient les avantages des thermoplastiques tels que le PVC, PP, CPVC, PVDF, ECTFE, FEP, PFA, MFA dans les services chimiques s\u00e9v\u00e8res, la demande de doubles stratifi\u00e9s de qualit\u00e9 a augment\u00e9 r\u00e9guli\u00e8rement.<\/p><\/div>\n\t\t\t\t\t\t\t\t\t<div class=\"elementor-tab-title elementor-tab-mobile-title\" aria-selected=\"false\" data-tab=\"2\" role=\"tab\" tabindex=\"-1\" aria-controls=\"elementor-tab-content-7222\" aria-expanded=\"false\">\u00c9tendu<\/div>\n\t\t\t\t\t<div id=\"elementor-tab-content-7222\" class=\"elementor-tab-content elementor-clearfix\" data-tab=\"2\" role=\"tabpanel\" aria-labelledby=\"elementor-tab-title-7222\" tabindex=\"0\" hidden=\"hidden\"><p>L&rsquo;entreprise s&rsquo;est d\u00e9velopp\u00e9e rapidement entre 2003 et 2010 en acqu\u00e9rant Troy Manufacturing \u00e0 Brockville, en Ontario, et Prolite Plastics, devenue CPF Dualam Vancouver.<\/p><\/div>\n\t\t\t\t\t\t\t\t\t<div class=\"elementor-tab-title elementor-tab-mobile-title\" aria-selected=\"false\" data-tab=\"3\" role=\"tab\" tabindex=\"-1\" aria-controls=\"elementor-tab-content-7223\" aria-expanded=\"false\">\u00c9tabli<\/div>\n\t\t\t\t\t<div id=\"elementor-tab-content-7223\" class=\"elementor-tab-content elementor-clearfix\" data-tab=\"3\" role=\"tabpanel\" aria-labelledby=\"elementor-tab-title-7223\" tabindex=\"0\" hidden=\"hidden\"><p>Troy Manufacturing a \u00e9t\u00e9 cr\u00e9\u00e9e par Tom Roy en 1981, fournissant des tuyauteries et des \u00e9quipements de traitement en FRP de qualit\u00e9 \u00e0 une large gamme de transformateurs de produits chimiques haut de gamme. Ian Trower a dirig\u00e9 l&rsquo;op\u00e9ration jusqu&rsquo;en 2015. Ian est un ing\u00e9nieur chimiste dipl\u00f4m\u00e9 poss\u00e9dant une vaste exp\u00e9rience en FRP.<\/p><\/div>\n\t\t\t\t\t\t\t<\/div>\n\t\t<\/div>\n\t\t\t\t\t\t<\/div>\n\t\t\t\t<\/div>\n\t\t\t\t\t<\/div>\n\t\t\t\t<\/div>\n\t\t<div class=\"elementor-element elementor-element-b911071 e-flex e-con-boxed e-con e-child\" data-id=\"b911071\" data-element_type=\"container\" data-e-type=\"container\">\n\t\t\t\t\t<div class=\"e-con-inner\">\n\t\t\t\t<div class=\"elementor-element elementor-element-098dd8b elementor-widget elementor-widget-image\" data-id=\"098dd8b\" data-element_type=\"widget\" data-e-type=\"widget\" data-widget_type=\"image.default\">\n\t\t\t\t<div class=\"elementor-widget-container\">\n\t\t\t\t\t\t\t\t\t\t\t\t\t\t\t<img fetchpriority=\"high\" decoding=\"async\" width=\"1008\" height=\"998\" src=\"https:\/\/troydualam.bluehat.hosting\/wp-content\/uploads\/2024\/07\/history.png\" class=\"attachment-full size-full wp-image-2316\" alt=\"\" srcset=\"https:\/\/troydualam.bluehat.hosting\/wp-content\/uploads\/2024\/07\/history.png 1008w, https:\/\/troydualam.bluehat.hosting\/wp-content\/uploads\/2024\/07\/history-300x297.png 300w, https:\/\/troydualam.bluehat.hosting\/wp-content\/uploads\/2024\/07\/history-150x150.png 150w, https:\/\/troydualam.bluehat.hosting\/wp-content\/uploads\/2024\/07\/history-768x760.png 768w, https:\/\/troydualam.bluehat.hosting\/wp-content\/uploads\/2024\/07\/history-96x96.png 96w\" sizes=\"(max-width: 1008px) 100vw, 1008px\" \/>\t\t\t\t\t\t\t\t\t\t\t\t\t\t\t<\/div>\n\t\t\t\t<\/div>\n\t\t\t\t\t<\/div>\n\t\t\t\t<\/div>\n\t\t\t\t\t<\/div>\n\t\t\t\t<\/div>\n\t\t<div class=\"elementor-element elementor-element-75e85bd e-con-full e-flex e-con e-parent\" data-id=\"75e85bd\" data-element_type=\"container\" data-e-type=\"container\">\n\t\t<div class=\"elementor-element elementor-element-d2f5d74 e-con-full e-flex e-con e-child\" data-id=\"d2f5d74\" data-element_type=\"container\" data-e-type=\"container\">\n\t\t\t\t<div class=\"elementor-element elementor-element-1fc76d4 elementor-widget elementor-widget-theme-faq-onee\" data-id=\"1fc76d4\" data-element_type=\"widget\" data-e-type=\"widget\" data-widget_type=\"theme-faq-onee.default\">\n\t\t\t\t<div class=\"elementor-widget-container\">\n\t\t\t\t\t\r\n\r\n        <!-- faq-area -->\r\n        <section class=\"faq-area fix\" data-animation=\"animationContainer\">\r\n            <div class=\"container\">\r\n                <div class=\"row align-items-center\">\r\n                    <div class=\"col-lg-6 order-0 order-lg-2\">\r\n                        <div class=\"faq-img\">\r\n                            <img decoding=\"async\" src=\"https:\/\/troydualam.bluehat.hosting\/wp-content\/uploads\/2024\/07\/faq.png\" alt=\"\" class=\"wow bounceInDown\" data-wow-delay=\".3s\">\r\n                            <div class=\"faq-shape wow zoomIn\" data-wow-delay=\".6s\"><\/div>\r\n                        <\/div>\r\n                    <\/div>\r\n                    <div class=\"col-lg-6\">\r\n                        <div class=\"faq-content\">\r\n                            <div class=\"section-title title-style-two mb-30\">\r\n                                <span class=\"sub-title\">NOS CARACT\u00c9RISTIQUES PRINCIPALES<\/span>\r\n                                <h2 class=\"title\" data-splitting=\"chars\" data-animation=\"innerAnimated\">Prolite Plastics et CPF Dualam Vancouver<\/h2>\r\n                            <\/div>\r\n\r\n                            <p>Prolite Plastics et CPF Dualam Vancouver \u00e9taient tous deux exploit\u00e9s par GuyleMcCuaig, un leader reconnu de l'industrie dans la conception et la sp\u00e9cification de tuyauterie.\n<br> <br>\nMalgr\u00e9 sa croissance rapide, le groupe Dualam a maintenu son engagement envers des \u00e9quipements composites de qualit\u00e9 et une livraison dans les d\u00e9lais. Le Groupe a \u00e9tendu son offre de produits \u00e0 l'industrie de l'\u00e9nergie (d\u00e9sulfuration des gaz de combustion), aux mines, au raffinage des m\u00e9taux, aux p\u00e2tes et papiers, aux semi-conducteurs, aux produits pharmaceutiques et \u00e0 d'autres industries ayant besoin d'\u00e9quipements r\u00e9sistant \u00e0 la corrosion.\n<br> <br>\nLe groupe Dualam a \u00e9t\u00e9 vendu en 2010 \u00e0 ZCL Composites, une soci\u00e9t\u00e9 publique ayant des activit\u00e9s majeures dans les \u00e9quipements de manutention de p\u00e9trole et de fluides FRP, bas\u00e9e \u00e0 Edmonton, en Alberta.<\/p>\r\n\r\n                            <div class=\"faq-wrap\">\r\n                                <div class=\"accordion\" id=\"accordionExample\">\r\n\r\n\r\n                                    \r\n                                    \r\n                                    <div class=\"accordion-item\">\r\n                                        <h2 class=\"accordion-header\">\r\n                                            <button class=\"accordion-button collapsed\" type=\"button\" data-bs-toggle=\"collapse\" data-bs-target=\"#collapsetoggle-item-17\" aria-expanded=\"true\" aria-controls=\"collapseOne\">\r\n                                                En 2016                                            <\/button>\r\n                                        <\/h2>\r\n                                        <div id=\"collapsetoggle-item-17\" class=\"accordion-collapse collapse\" data-bs-parent=\"#accordionExample\">\r\n                                            <div class=\"accordion-body\">\r\n                                                <p>ZCL s'est retir\u00e9e du march\u00e9 de la corrosion et a vendu les actifs de CPF Dualam, Montr\u00e9al et Troy Manufacturing \u00e0 Troy Dualam Inc., dirig\u00e9e par Paul Habib.\n<br><br>\nL'entreprise est une fois de plus pr\u00eate \u00e0 conna\u00eetre une croissance significative, offrant des \u00e9quipements composites FRP et Dual-Laminate de qualit\u00e9, respectant la tradition vieille de plus de 50 ans, \u00e9tablie par ses p\u00e8res fondateurs. Paul Habib, Ian Trower et Guyle McCuaig unissent leurs efforts pour offrir \u00e0 leurs clients une expertise sans pr\u00e9c\u00e9dent pour relever leurs d\u00e9fis particuliers en mati\u00e8re de corrosion.<\/p>\r\n                                            <\/div>\r\n                                        <\/div>\r\n                                    <\/div>\r\n\r\n                                     \r\n\r\n\r\n\r\n                                <\/div>\r\n                            <\/div>\r\n                        <\/div>\r\n                    <\/div>\r\n                <\/div>\r\n            <\/div>\r\n        <\/section>\r\n        <!-- faq-area-end -->\r\n\r\n\r\n\r\n\r\n\t\t\t\t\t<\/div>\n\t\t\t\t<\/div>\n\t\t\t\t<\/div>\n\t\t\t\t<\/div>\n\t\t\t\t<\/div>\n\t\t","protected":false},"excerpt":{"rendered":"<p>Notre histoire L&rsquo;histoire de Troie Dualam Fond\u00e9 \u00c9tendu \u00c9tabli Fond\u00e9 CPF Dualam a \u00e9t\u00e9 fond\u00e9e en 1956 par John Kidd sous le nom de Canadian Plastics Fabricators, devenant plus tard CPF Plastics et CPF Dualam dans les ann\u00e9es 1970. L&#8217;entreprise a \u00e9t\u00e9 rachet\u00e9e en 1990 par Dualam Plastics, dirig\u00e9e par Paul Habib. Dualam a \u00e9t\u00e9 [&hellip;]<\/p>\n","protected":false},"author":1,"featured_media":0,"parent":0,"menu_order":0,"comment_status":"closed","ping_status":"closed","template":"","meta":{"footnotes":""},"class_list":["post-3182","page","type-page","status-publish","hentry"],"yoast_head":"<!-- This site is optimized with the Yoast SEO plugin v25.6 - https:\/\/yoast.com\/wordpress\/plugins\/seo\/ -->\n<title>HISTOIRE - Troy Dualam Inc.<\/title>\n<meta name=\"description\" content=\"Fond\u00e9e en 1956 par John Kidd sous le nom de Canadian Plastics Fabricators, devenue plus tard CPF Plastics et CPF Dualam dans les ann\u00e9es 1970. En savoir plus.\" \/>\n<meta name=\"robots\" content=\"noindex, follow, max-snippet:-1, max-image-preview:large, max-video-preview:-1\" \/>\n<meta property=\"og:locale\" content=\"fr_FR\" \/>\n<meta property=\"og:type\" content=\"article\" \/>\n<meta property=\"og:title\" content=\"HISTOIRE - Troy Dualam Inc.\" \/>\n<meta property=\"og:description\" content=\"Fond\u00e9e en 1956 par John Kidd sous le nom de Canadian Plastics Fabricators, devenue plus tard CPF Plastics et CPF Dualam dans les ann\u00e9es 1970. En savoir plus.\" \/>\n<meta property=\"og:url\" content=\"https:\/\/troydualam.bluehat.hosting\/fr\/history\/\" \/>\n<meta property=\"og:site_name\" content=\"FRP Storage Tanks - Troy Dualam Canada - Fiberglass Reinforced Plastic\" \/>\n<meta property=\"article:modified_time\" content=\"2024-08-23T14:13:41+00:00\" \/>\n<meta property=\"og:image\" content=\"https:\/\/troydualam.bluehat.hosting\/wp-content\/uploads\/2024\/07\/history.png\" \/>\n<meta name=\"twitter:card\" content=\"summary_large_image\" \/>\n<meta name=\"twitter:label1\" content=\"Dur\u00e9e de lecture estim\u00e9e\" \/>\n\t<meta name=\"twitter:data1\" content=\"3 minutes\" \/>\n<script type=\"application\/ld+json\" class=\"yoast-schema-graph\">{\"@context\":\"https:\/\/schema.org\",\"@graph\":[{\"@type\":\"WebPage\",\"@id\":\"https:\/\/troydualam.bluehat.hosting\/fr\/history\/\",\"url\":\"https:\/\/troydualam.bluehat.hosting\/fr\/history\/\",\"name\":\"HISTOIRE - Troy Dualam Inc.\",\"isPartOf\":{\"@id\":\"https:\/\/troydualam.bluehat.hosting\/#website\"},\"primaryImageOfPage\":{\"@id\":\"https:\/\/troydualam.bluehat.hosting\/fr\/history\/#primaryimage\"},\"image\":{\"@id\":\"https:\/\/troydualam.bluehat.hosting\/fr\/history\/#primaryimage\"},\"thumbnailUrl\":\"https:\/\/troydualam.bluehat.hosting\/wp-content\/uploads\/2024\/07\/history.png\",\"datePublished\":\"2024-07-25T15:56:01+00:00\",\"dateModified\":\"2024-08-23T14:13:41+00:00\",\"description\":\"Fond\u00e9e en 1956 par John Kidd sous le nom de Canadian Plastics Fabricators, devenue plus tard CPF Plastics et CPF Dualam dans les ann\u00e9es 1970. En savoir plus.\",\"breadcrumb\":{\"@id\":\"https:\/\/troydualam.bluehat.hosting\/fr\/history\/#breadcrumb\"},\"inLanguage\":\"fr-FR\",\"potentialAction\":[{\"@type\":\"ReadAction\",\"target\":[\"https:\/\/troydualam.bluehat.hosting\/fr\/history\/\"]}]},{\"@type\":\"ImageObject\",\"inLanguage\":\"fr-FR\",\"@id\":\"https:\/\/troydualam.bluehat.hosting\/fr\/history\/#primaryimage\",\"url\":\"https:\/\/troydualam.bluehat.hosting\/wp-content\/uploads\/2024\/07\/history.png\",\"contentUrl\":\"https:\/\/troydualam.bluehat.hosting\/wp-content\/uploads\/2024\/07\/history.png\"},{\"@type\":\"BreadcrumbList\",\"@id\":\"https:\/\/troydualam.bluehat.hosting\/fr\/history\/#breadcrumb\",\"itemListElement\":[{\"@type\":\"ListItem\",\"position\":1,\"name\":\"Home\",\"item\":\"https:\/\/troydualam.bluehat.hosting\/fr\/\"},{\"@type\":\"ListItem\",\"position\":2,\"name\":\"L&#8217;histoire de Troie Dualam\"}]},{\"@type\":\"WebSite\",\"@id\":\"https:\/\/troydualam.bluehat.hosting\/#website\",\"url\":\"https:\/\/troydualam.bluehat.hosting\/\",\"name\":\"FRP Storage Tanks - Troy Dualam Canada - Fiberglass Reinforced Plastic\",\"description\":\"\",\"publisher\":{\"@id\":\"https:\/\/troydualam.bluehat.hosting\/#organization\"},\"potentialAction\":[{\"@type\":\"SearchAction\",\"target\":{\"@type\":\"EntryPoint\",\"urlTemplate\":\"https:\/\/troydualam.bluehat.hosting\/?s={search_term_string}\"},\"query-input\":{\"@type\":\"PropertyValueSpecification\",\"valueRequired\":true,\"valueName\":\"search_term_string\"}}],\"inLanguage\":\"fr-FR\"},{\"@type\":\"Organization\",\"@id\":\"https:\/\/troydualam.bluehat.hosting\/#organization\",\"name\":\"FRP Storage Tanks - Troy Dualam Canada - Fiberglass Reinforced Plastic\",\"url\":\"https:\/\/troydualam.bluehat.hosting\/\",\"logo\":{\"@type\":\"ImageObject\",\"inLanguage\":\"fr-FR\",\"@id\":\"https:\/\/troydualam.bluehat.hosting\/#\/schema\/logo\/image\/\",\"url\":\"https:\/\/troydualam.bluehat.hosting\/wp-content\/uploads\/2024\/07\/main-logo.png\",\"contentUrl\":\"https:\/\/troydualam.bluehat.hosting\/wp-content\/uploads\/2024\/07\/main-logo.png\",\"width\":155,\"height\":90,\"caption\":\"FRP Storage Tanks - Troy Dualam Canada - Fiberglass Reinforced Plastic\"},\"image\":{\"@id\":\"https:\/\/troydualam.bluehat.hosting\/#\/schema\/logo\/image\/\"}}]}<\/script>\n<!-- \/ Yoast SEO plugin. -->","yoast_head_json":{"title":"HISTOIRE - Troy Dualam Inc.","description":"Fond\u00e9e en 1956 par John Kidd sous le nom de Canadian Plastics Fabricators, devenue plus tard CPF Plastics et CPF Dualam dans les ann\u00e9es 1970. En savoir plus.","robots":{"index":"noindex","follow":"follow","max-snippet":"max-snippet:-1","max-image-preview":"max-image-preview:large","max-video-preview":"max-video-preview:-1"},"og_locale":"fr_FR","og_type":"article","og_title":"HISTOIRE - Troy Dualam Inc.","og_description":"Fond\u00e9e en 1956 par John Kidd sous le nom de Canadian Plastics Fabricators, devenue plus tard CPF Plastics et CPF Dualam dans les ann\u00e9es 1970. En savoir plus.","og_url":"https:\/\/troydualam.bluehat.hosting\/fr\/history\/","og_site_name":"FRP Storage Tanks - Troy Dualam Canada - Fiberglass Reinforced Plastic","article_modified_time":"2024-08-23T14:13:41+00:00","og_image":[{"url":"https:\/\/troydualam.bluehat.hosting\/wp-content\/uploads\/2024\/07\/history.png","type":"","width":"","height":""}],"twitter_card":"summary_large_image","twitter_misc":{"Dur\u00e9e de lecture estim\u00e9e":"3 minutes"},"schema":{"@context":"https:\/\/schema.org","@graph":[{"@type":"WebPage","@id":"https:\/\/troydualam.bluehat.hosting\/fr\/history\/","url":"https:\/\/troydualam.bluehat.hosting\/fr\/history\/","name":"HISTOIRE - Troy Dualam Inc.","isPartOf":{"@id":"https:\/\/troydualam.bluehat.hosting\/#website"},"primaryImageOfPage":{"@id":"https:\/\/troydualam.bluehat.hosting\/fr\/history\/#primaryimage"},"image":{"@id":"https:\/\/troydualam.bluehat.hosting\/fr\/history\/#primaryimage"},"thumbnailUrl":"https:\/\/troydualam.bluehat.hosting\/wp-content\/uploads\/2024\/07\/history.png","datePublished":"2024-07-25T15:56:01+00:00","dateModified":"2024-08-23T14:13:41+00:00","description":"Fond\u00e9e en 1956 par John Kidd sous le nom de Canadian Plastics Fabricators, devenue plus tard CPF Plastics et CPF Dualam dans les ann\u00e9es 1970. En savoir plus.","breadcrumb":{"@id":"https:\/\/troydualam.bluehat.hosting\/fr\/history\/#breadcrumb"},"inLanguage":"fr-FR","potentialAction":[{"@type":"ReadAction","target":["https:\/\/troydualam.bluehat.hosting\/fr\/history\/"]}]},{"@type":"ImageObject","inLanguage":"fr-FR","@id":"https:\/\/troydualam.bluehat.hosting\/fr\/history\/#primaryimage","url":"https:\/\/troydualam.bluehat.hosting\/wp-content\/uploads\/2024\/07\/history.png","contentUrl":"https:\/\/troydualam.bluehat.hosting\/wp-content\/uploads\/2024\/07\/history.png"},{"@type":"BreadcrumbList","@id":"https:\/\/troydualam.bluehat.hosting\/fr\/history\/#breadcrumb","itemListElement":[{"@type":"ListItem","position":1,"name":"Home","item":"https:\/\/troydualam.bluehat.hosting\/fr\/"},{"@type":"ListItem","position":2,"name":"L&#8217;histoire de Troie Dualam"}]},{"@type":"WebSite","@id":"https:\/\/troydualam.bluehat.hosting\/#website","url":"https:\/\/troydualam.bluehat.hosting\/","name":"FRP Storage Tanks - Troy Dualam Canada - Fiberglass Reinforced Plastic","description":"","publisher":{"@id":"https:\/\/troydualam.bluehat.hosting\/#organization"},"potentialAction":[{"@type":"SearchAction","target":{"@type":"EntryPoint","urlTemplate":"https:\/\/troydualam.bluehat.hosting\/?s={search_term_string}"},"query-input":{"@type":"PropertyValueSpecification","valueRequired":true,"valueName":"search_term_string"}}],"inLanguage":"fr-FR"},{"@type":"Organization","@id":"https:\/\/troydualam.bluehat.hosting\/#organization","name":"FRP Storage Tanks - Troy Dualam Canada - Fiberglass Reinforced Plastic","url":"https:\/\/troydualam.bluehat.hosting\/","logo":{"@type":"ImageObject","inLanguage":"fr-FR","@id":"https:\/\/troydualam.bluehat.hosting\/#\/schema\/logo\/image\/","url":"https:\/\/troydualam.bluehat.hosting\/wp-content\/uploads\/2024\/07\/main-logo.png","contentUrl":"https:\/\/troydualam.bluehat.hosting\/wp-content\/uploads\/2024\/07\/main-logo.png","width":155,"height":90,"caption":"FRP Storage Tanks - Troy Dualam Canada - Fiberglass Reinforced Plastic"},"image":{"@id":"https:\/\/troydualam.bluehat.hosting\/#\/schema\/logo\/image\/"}}]}},"_links":{"self":[{"href":"https:\/\/troydualam.bluehat.hosting\/fr\/wp-json\/wp\/v2\/pages\/3182"}],"collection":[{"href":"https:\/\/troydualam.bluehat.hosting\/fr\/wp-json\/wp\/v2\/pages"}],"about":[{"href":"https:\/\/troydualam.bluehat.hosting\/fr\/wp-json\/wp\/v2\/types\/page"}],"author":[{"embeddable":true,"href":"https:\/\/troydualam.bluehat.hosting\/fr\/wp-json\/wp\/v2\/users\/1"}],"replies":[{"embeddable":true,"href":"https:\/\/troydualam.bluehat.hosting\/fr\/wp-json\/wp\/v2\/comments?post=3182"}],"version-history":[{"count":8,"href":"https:\/\/troydualam.bluehat.hosting\/fr\/wp-json\/wp\/v2\/pages\/3182\/revisions"}],"predecessor-version":[{"id":3192,"href":"https:\/\/troydualam.bluehat.hosting\/fr\/wp-json\/wp\/v2\/pages\/3182\/revisions\/3192"}],"wp:attachment":[{"href":"https:\/\/troydualam.bluehat.hosting\/fr\/wp-json\/wp\/v2\/media?parent=3182"}],"curies":[{"name":"wp","href":"https:\/\/api.w.org\/{rel}","templated":true}]}}