{"id":3218,"date":"2024-07-24T13:07:11","date_gmt":"2024-07-24T17:07:11","guid":{"rendered":"https:\/\/troydualam.bluehat.hosting\/management\/"},"modified":"2024-08-23T11:48:14","modified_gmt":"2024-08-23T15:48:14","slug":"management","status":"publish","type":"page","link":"https:\/\/troydualam.bluehat.hosting\/es\/management\/","title":{"rendered":"Equipo directivo de Troy Dualam"},"content":{"rendered":"\t\t<div data-elementor-type=\"wp-page\" data-elementor-id=\"3218\" class=\"elementor elementor-3218 elementor-2137\" data-elementor-post-type=\"page\">\n\t\t\t\t<div class=\"elementor-element elementor-element-6cfadc0 e-con-full e-flex e-con e-parent\" data-id=\"6cfadc0\" data-element_type=\"container\" data-e-type=\"container\">\n\t\t\t\t<div class=\"elementor-element elementor-element-695f426 elementor-widget elementor-widget-theme-team-two\" data-id=\"695f426\" data-element_type=\"widget\" data-e-type=\"widget\" data-widget_type=\"theme-team-two.default\">\n\t\t\t\t<div class=\"elementor-widget-container\">\n\t\t\t\t\t\r\n\r\n        <!-- team-area -->\r\n        <section class=\"team-area-two pt-120 pb-90\" data-animation=\"animationContainer\">\r\n            <div class=\"container\">\r\n\r\n                 \r\n                <div class=\"row justify-content-center\">\r\n                    <div class=\"col-lg-6\">\r\n                        <div class=\"section-title title-style-four text-center mb-60\">\r\n                            <span class=\"sub-title\">NUESTRO EQUIPO<\/span>\r\n                            <h2 class=\"title\" data-splitting=\"chars\" data-animation=\"innerAnimated\">Expertos en FRP experimentados<\/h2>\r\n                        <\/div>\r\n                    <\/div>\r\n                <\/div>\r\n                \r\n\r\n                <div class=\"row justify-content-center\">\r\n\r\n\r\n                    \r\n                    <div class=\"col-lg-4 col-md-6 col-sm-8\">\r\n                        <div class=\"team-item-two\">\r\n                            <div class=\"team-thumb-two\">\r\n                                <img decoding=\"async\" src=\"https:\/\/troydualam.bluehat.hosting\/wp-content\/uploads\/2024\/07\/team_img03.jpg\" alt=\"\">\r\n                                <div class=\"team-social\">\r\n                                    <ul class=\"list-wrap\">\r\n                                        <li><a href=\"#\"><i class=\"fab fa-instagram\"><\/i><\/a><\/li>\r\n                                        <li><a href=\"https:\/\/www.linkedin.com\/in\/paul-habib-1a4b5324\"><i class=\"fab fa-linkedin-in\"><\/i><\/a><\/li>\r\n                                        <li><a href=\"#\"><i class=\"fab fa-twitter\"><\/i><\/a><\/li>\r\n                                        <li><a href=\"#\"><i class=\"fab fa-facebook-f\"><\/i><\/a><\/li>\r\n                                    <\/ul>\r\n                                <\/div>\r\n                            <\/div>\r\n                            <div class=\"team-content-two\">\r\n                                <h3 class=\"title\"><a href=\"\/es\/management\/paul-habib\/\">Paul Habib<\/a><\/h3>\r\n                                <span>CEO<\/span>\r\n                            <\/div>\r\n                        <\/div>\r\n                    <\/div>\r\n\r\n                    \r\n                    <div class=\"col-lg-4 col-md-6 col-sm-8\">\r\n                        <div class=\"team-item-two\">\r\n                            <div class=\"team-thumb-two\">\r\n                                <img decoding=\"async\" src=\"https:\/\/troydualam.bluehat.hosting\/wp-content\/uploads\/2024\/07\/team_img02.jpg\" alt=\"\">\r\n                                <div class=\"team-social\">\r\n                                    <ul class=\"list-wrap\">\r\n                                        <li><a href=\"#\"><i class=\"fab fa-instagram\"><\/i><\/a><\/li>\r\n                                        <li><a href=\"https:\/\/www.linkedin.com\/in\/rachadalhomsi\"><i class=\"fab fa-linkedin-in\"><\/i><\/a><\/li>\r\n                                        <li><a href=\"#\"><i class=\"fab fa-twitter\"><\/i><\/a><\/li>\r\n                                        <li><a href=\"#\"><i class=\"fab fa-facebook-f\"><\/i><\/a><\/li>\r\n                                    <\/ul>\r\n                                <\/div>\r\n                            <\/div>\r\n                            <div class=\"team-content-two\">\r\n                                <h3 class=\"title\"><a href=\"\/es\/management\/rachad-al-homsi\/\">Rachad Al Homsi<\/a><\/h3>\r\n                                <span>VP-COO<\/span>\r\n                            <\/div>\r\n                        <\/div>\r\n                    <\/div>\r\n\r\n                    \r\n                    <div class=\"col-lg-4 col-md-6 col-sm-8\">\r\n                        <div class=\"team-item-two\">\r\n                            <div class=\"team-thumb-two\">\r\n                                <img decoding=\"async\" src=\"https:\/\/troydualam.bluehat.hosting\/wp-content\/uploads\/2024\/07\/team_img04.jpg\" alt=\"\">\r\n                                <div class=\"team-social\">\r\n                                    <ul class=\"list-wrap\">\r\n                                        <li><a href=\"#\"><i class=\"fab fa-instagram\"><\/i><\/a><\/li>\r\n                                        <li><a href=\"https:\/\/www.linkedin.com\/in\/ian-trower-560543131\"><i class=\"fab fa-linkedin-in\"><\/i><\/a><\/li>\r\n                                        <li><a href=\"#\"><i class=\"fab fa-twitter\"><\/i><\/a><\/li>\r\n                                        <li><a href=\"#\"><i class=\"fab fa-facebook-f\"><\/i><\/a><\/li>\r\n                                    <\/ul>\r\n                                <\/div>\r\n                            <\/div>\r\n                            <div class=\"team-content-two\">\r\n                                <h3 class=\"title\"><a href=\"\/es\/management\/ian-trower\/\">Ian Trower<\/a><\/h3>\r\n                                <span>Gerente tecnico<\/span>\r\n                            <\/div>\r\n                        <\/div>\r\n                    <\/div>\r\n\r\n                    \r\n                    <div class=\"col-lg-4 col-md-6 col-sm-8\">\r\n                        <div class=\"team-item-two\">\r\n                            <div class=\"team-thumb-two\">\r\n                                <img decoding=\"async\" src=\"https:\/\/troydualam.bluehat.hosting\/wp-content\/uploads\/2024\/07\/team_img01.jpg\" alt=\"\">\r\n                                <div class=\"team-social\">\r\n                                    <ul class=\"list-wrap\">\r\n                                        <li><a href=\"#\"><i class=\"fab fa-instagram\"><\/i><\/a><\/li>\r\n                                        <li><a href=\"#\"><i class=\"fab fa-linkedin-in\"><\/i><\/a><\/li>\r\n                                        <li><a href=\"#\"><i class=\"fab fa-twitter\"><\/i><\/a><\/li>\r\n                                        <li><a href=\"#\"><i class=\"fab fa-facebook-f\"><\/i><\/a><\/li>\r\n                                    <\/ul>\r\n                                <\/div>\r\n                            <\/div>\r\n                            <div class=\"team-content-two\">\r\n                                <h3 class=\"title\"><a href=\"\/es\/management\/gilles-levesque\/\">Gilles Levesque<\/a><\/h3>\r\n                                <span>Consultor<\/span>\r\n                            <\/div>\r\n                        <\/div>\r\n                    <\/div>\r\n\r\n                    \r\n                    <div class=\"col-lg-4 col-md-6 col-sm-8\">\r\n                        <div class=\"team-item-two\">\r\n                            <div class=\"team-thumb-two\">\r\n                                <img decoding=\"async\" src=\"https:\/\/troydualam.bluehat.hosting\/wp-content\/uploads\/2024\/07\/team_img05.jpg\" alt=\"\">\r\n                                <div class=\"team-social\">\r\n                                    <ul class=\"list-wrap\">\r\n                                        <li><a href=\"#\"><i class=\"fab fa-instagram\"><\/i><\/a><\/li>\r\n                                        <li><a href=\"https:\/\/www.linkedin.com\/in\/husam-alchwiki-p-eng-43328b114\/\"><i class=\"fab fa-linkedin-in\"><\/i><\/a><\/li>\r\n                                        <li><a href=\"#\"><i class=\"fab fa-twitter\"><\/i><\/a><\/li>\r\n                                        <li><a href=\"#\"><i class=\"fab fa-facebook-f\"><\/i><\/a><\/li>\r\n                                    <\/ul>\r\n                                <\/div>\r\n                            <\/div>\r\n                            <div class=\"team-content-two\">\r\n                                <h3 class=\"title\"><a href=\"\/es\/management\/husam-sam-alchwiki\/\">Husam (Sam) Alchwiki<\/a><\/h3>\r\n                                <span>Gerente de Proyectos de Ingenier\u00eda<\/span>\r\n                            <\/div>\r\n                        <\/div>\r\n                    <\/div>\r\n\r\n                    \r\n                    <div class=\"col-lg-4 col-md-6 col-sm-8\">\r\n                        <div class=\"team-item-two\">\r\n                            <div class=\"team-thumb-two\">\r\n                                <img decoding=\"async\" src=\"https:\/\/troydualam.bluehat.hosting\/wp-content\/uploads\/2024\/07\/team_img06.jpg\" alt=\"\">\r\n                                <div class=\"team-social\">\r\n                                    <ul class=\"list-wrap\">\r\n                                        <li><a href=\"#\"><i class=\"fab fa-instagram\"><\/i><\/a><\/li>\r\n                                        <li><a href=\"https:\/\/www.linkedin.com\/in\/guyle-mccuaig-6000852b\/\"><i class=\"fab fa-linkedin-in\"><\/i><\/a><\/li>\r\n                                        <li><a href=\"#\"><i class=\"fab fa-twitter\"><\/i><\/a><\/li>\r\n                                        <li><a href=\"#\"><i class=\"fab fa-facebook-f\"><\/i><\/a><\/li>\r\n                                    <\/ul>\r\n                                <\/div>\r\n                            <\/div>\r\n                            <div class=\"team-content-two\">\r\n                                <h3 class=\"title\"><a href=\"\/es\/management\/guyle-mccuaig\/\">Guyle McCuaig<\/a><\/h3>\r\n                                <span>Director Estrategia Desarrollo de Negocios.<\/span>\r\n                            <\/div>\r\n                        <\/div>\r\n                    <\/div>\r\n\r\n                    \r\n\r\n                <\/div>\r\n            <\/div>\r\n        <\/section>\r\n        <!-- team-area-end -->\r\n\r\n\r\n\t\t\t\t\t<\/div>\n\t\t\t\t<\/div>\n\t\t\t\t<\/div>\n\t\t<div class=\"elementor-element elementor-element-23a012c e-con-full elementor-hidden-desktop elementor-hidden-tablet elementor-hidden-mobile e-flex e-con e-parent\" data-id=\"23a012c\" data-element_type=\"container\" data-e-type=\"container\">\n\t\t\t\t<div class=\"elementor-element elementor-element-5edbeca elementor-widget elementor-widget-theme-slide-brand\" data-id=\"5edbeca\" data-element_type=\"widget\" data-e-type=\"widget\" data-widget_type=\"theme-slide-brand.default\">\n\t\t\t\t<div class=\"elementor-widget-container\">\n\t\t\t\t\t\r\n\r\n            <!-- brand-area -->\r\n            <div class=\"brand-area-two\">\r\n                <div class=\"container custom-container\">\r\n                    <div class=\"row brand-active\">\r\n\r\n\r\n                        \r\n                        <div class=\"col-12\">\r\n                            <div class=\"brand-item-two\">\r\n                                <img decoding=\"async\" src=\"https:\/\/themedox.com\/mactonal\/wp-content\/uploads\/2023\/09\/brand_img01.png\" alt=\"\">\r\n                            <\/div>\r\n                        <\/div>\r\n\r\n                        \r\n                        <div class=\"col-12\">\r\n                            <div class=\"brand-item-two\">\r\n                                <img decoding=\"async\" src=\"https:\/\/themedox.com\/mactonal\/wp-content\/uploads\/2023\/09\/brand_img02.png\" alt=\"\">\r\n                            <\/div>\r\n                        <\/div>\r\n\r\n                        \r\n                        <div class=\"col-12\">\r\n                            <div class=\"brand-item-two\">\r\n                                <img decoding=\"async\" src=\"https:\/\/themedox.com\/mactonal\/wp-content\/uploads\/2023\/09\/brand_img03.png\" alt=\"\">\r\n                            <\/div>\r\n                        <\/div>\r\n\r\n                        \r\n                        <div class=\"col-12\">\r\n                            <div class=\"brand-item-two\">\r\n                                <img decoding=\"async\" src=\"https:\/\/themedox.com\/mactonal\/wp-content\/uploads\/2023\/09\/brand_img04.png\" alt=\"\">\r\n                            <\/div>\r\n                        <\/div>\r\n\r\n                        \r\n                        <div class=\"col-12\">\r\n                            <div class=\"brand-item-two\">\r\n                                <img decoding=\"async\" src=\"https:\/\/themedox.com\/mactonal\/wp-content\/uploads\/2023\/09\/brand_img05.png\" alt=\"\">\r\n                            <\/div>\r\n                        <\/div>\r\n\r\n                        \r\n                        <div class=\"col-12\">\r\n                            <div class=\"brand-item-two\">\r\n                                <img decoding=\"async\" src=\"https:\/\/themedox.com\/mactonal\/wp-content\/uploads\/2023\/09\/brand_img06.png\" alt=\"\">\r\n                            <\/div>\r\n                        <\/div>\r\n\r\n                        \r\n                        <div class=\"col-12\">\r\n                            <div class=\"brand-item-two\">\r\n                                <img decoding=\"async\" src=\"https:\/\/themedox.com\/mactonal\/wp-content\/uploads\/2023\/09\/brand_img07.png\" alt=\"\">\r\n                            <\/div>\r\n                        <\/div>\r\n\r\n                        \r\n                        <div class=\"col-12\">\r\n                            <div class=\"brand-item-two\">\r\n                                <img decoding=\"async\" src=\"https:\/\/themedox.com\/mactonal\/wp-content\/uploads\/2023\/09\/brand_img02.png\" alt=\"\">\r\n                            <\/div>\r\n                        <\/div>\r\n\r\n                         \r\n\r\n                    <\/div>\r\n                <\/div>\r\n            <\/div>\r\n            <!-- brand-area-end -->\r\n\r\n\r\n\r\n\t\t\t\t\t<\/div>\n\t\t\t\t<\/div>\n\t\t\t\t<\/div>\n\t\t\t\t<\/div>\n\t\t","protected":false},"excerpt":{"rendered":"<p>NUESTRO EQUIPO Expertos en FRP experimentados Paul Habib CEO Rachad Al Homsi VP-COO Ian Trower Gerente tecnico Gilles Levesque Consultor Husam (Sam) Alchwiki Gerente de Proyectos de Ingenier\u00eda Guyle McCuaig Director Estrategia Desarrollo de Negocios.<\/p>\n","protected":false},"author":1,"featured_media":0,"parent":0,"menu_order":0,"comment_status":"closed","ping_status":"closed","template":"","meta":{"footnotes":""},"class_list":["post-3218","page","type-page","status-publish","hentry"],"yoast_head":"<!-- This site is optimized with the Yoast SEO plugin v25.6 - https:\/\/yoast.com\/wordpress\/plugins\/seo\/ -->\n<title>Equipo de gesti\u00f3n de PRFV - Troy Dualam - Ingenieros de PRFV<\/title>\n<meta name=\"description\" content=\"El equipo de gesti\u00f3n de Troy Dualam tiene d\u00e9cadas de experiencia en ingenier\u00eda de PRFV y todos los aspectos de la fabricaci\u00f3n de pl\u00e1stico reforzado con fibra de vidrio.\" \/>\n<meta name=\"robots\" content=\"noindex, follow, max-snippet:-1, max-image-preview:large, max-video-preview:-1\" \/>\n<meta property=\"og:locale\" content=\"es_ES\" \/>\n<meta property=\"og:type\" content=\"article\" \/>\n<meta property=\"og:title\" content=\"Equipo de gesti\u00f3n de PRFV - Troy Dualam - Ingenieros de PRFV\" \/>\n<meta property=\"og:description\" content=\"El equipo de gesti\u00f3n de Troy Dualam tiene d\u00e9cadas de experiencia en ingenier\u00eda de PRFV y todos los aspectos de la fabricaci\u00f3n de pl\u00e1stico reforzado con fibra de vidrio.\" \/>\n<meta property=\"og:url\" content=\"https:\/\/troydualam.bluehat.hosting\/es\/management\/\" \/>\n<meta property=\"og:site_name\" content=\"FRP Storage Tanks - Troy Dualam Canada - Fiberglass Reinforced Plastic\" \/>\n<meta property=\"article:modified_time\" content=\"2024-08-23T15:48:14+00:00\" \/>\n<meta property=\"og:image\" content=\"https:\/\/troydualam.bluehat.hosting\/wp-content\/uploads\/2024\/07\/team_img03.jpg\" \/>\n<meta name=\"twitter:card\" content=\"summary_large_image\" \/>\n<meta name=\"twitter:label1\" content=\"Tiempo de lectura\" \/>\n\t<meta name=\"twitter:data1\" content=\"3 minutos\" \/>\n<script type=\"application\/ld+json\" class=\"yoast-schema-graph\">{\"@context\":\"https:\/\/schema.org\",\"@graph\":[{\"@type\":\"WebPage\",\"@id\":\"https:\/\/troydualam.bluehat.hosting\/es\/management\/\",\"url\":\"https:\/\/troydualam.bluehat.hosting\/es\/management\/\",\"name\":\"Equipo de gesti\u00f3n de PRFV - Troy Dualam - Ingenieros de PRFV\",\"isPartOf\":{\"@id\":\"https:\/\/troydualam.bluehat.hosting\/#website\"},\"primaryImageOfPage\":{\"@id\":\"https:\/\/troydualam.bluehat.hosting\/es\/management\/#primaryimage\"},\"image\":{\"@id\":\"https:\/\/troydualam.bluehat.hosting\/es\/management\/#primaryimage\"},\"thumbnailUrl\":\"https:\/\/troydualam.bluehat.hosting\/wp-content\/uploads\/2024\/07\/team_img03.jpg\",\"datePublished\":\"2024-07-24T17:07:11+00:00\",\"dateModified\":\"2024-08-23T15:48:14+00:00\",\"description\":\"El equipo de gesti\u00f3n de Troy Dualam tiene d\u00e9cadas de experiencia en ingenier\u00eda de PRFV y todos los aspectos de la fabricaci\u00f3n de pl\u00e1stico reforzado con fibra de vidrio.\",\"breadcrumb\":{\"@id\":\"https:\/\/troydualam.bluehat.hosting\/es\/management\/#breadcrumb\"},\"inLanguage\":\"es\",\"potentialAction\":[{\"@type\":\"ReadAction\",\"target\":[\"https:\/\/troydualam.bluehat.hosting\/es\/management\/\"]}]},{\"@type\":\"ImageObject\",\"inLanguage\":\"es\",\"@id\":\"https:\/\/troydualam.bluehat.hosting\/es\/management\/#primaryimage\",\"url\":\"https:\/\/troydualam.bluehat.hosting\/wp-content\/uploads\/2024\/07\/team_img03.jpg\",\"contentUrl\":\"https:\/\/troydualam.bluehat.hosting\/wp-content\/uploads\/2024\/07\/team_img03.jpg\"},{\"@type\":\"BreadcrumbList\",\"@id\":\"https:\/\/troydualam.bluehat.hosting\/es\/management\/#breadcrumb\",\"itemListElement\":[{\"@type\":\"ListItem\",\"position\":1,\"name\":\"Home\",\"item\":\"https:\/\/troydualam.bluehat.hosting\/es\/\"},{\"@type\":\"ListItem\",\"position\":2,\"name\":\"Equipo directivo de Troy Dualam\"}]},{\"@type\":\"WebSite\",\"@id\":\"https:\/\/troydualam.bluehat.hosting\/#website\",\"url\":\"https:\/\/troydualam.bluehat.hosting\/\",\"name\":\"FRP Storage Tanks - Troy Dualam Canada - Fiberglass Reinforced Plastic\",\"description\":\"\",\"publisher\":{\"@id\":\"https:\/\/troydualam.bluehat.hosting\/#organization\"},\"potentialAction\":[{\"@type\":\"SearchAction\",\"target\":{\"@type\":\"EntryPoint\",\"urlTemplate\":\"https:\/\/troydualam.bluehat.hosting\/?s={search_term_string}\"},\"query-input\":{\"@type\":\"PropertyValueSpecification\",\"valueRequired\":true,\"valueName\":\"search_term_string\"}}],\"inLanguage\":\"es\"},{\"@type\":\"Organization\",\"@id\":\"https:\/\/troydualam.bluehat.hosting\/#organization\",\"name\":\"FRP Storage Tanks - Troy Dualam Canada - Fiberglass Reinforced Plastic\",\"url\":\"https:\/\/troydualam.bluehat.hosting\/\",\"logo\":{\"@type\":\"ImageObject\",\"inLanguage\":\"es\",\"@id\":\"https:\/\/troydualam.bluehat.hosting\/#\/schema\/logo\/image\/\",\"url\":\"https:\/\/troydualam.bluehat.hosting\/wp-content\/uploads\/2024\/07\/main-logo.png\",\"contentUrl\":\"https:\/\/troydualam.bluehat.hosting\/wp-content\/uploads\/2024\/07\/main-logo.png\",\"width\":155,\"height\":90,\"caption\":\"FRP Storage Tanks - Troy Dualam Canada - Fiberglass Reinforced Plastic\"},\"image\":{\"@id\":\"https:\/\/troydualam.bluehat.hosting\/#\/schema\/logo\/image\/\"}}]}<\/script>\n<!-- \/ Yoast SEO plugin. -->","yoast_head_json":{"title":"Equipo de gesti\u00f3n de PRFV - Troy Dualam - Ingenieros de PRFV","description":"El equipo de gesti\u00f3n de Troy Dualam tiene d\u00e9cadas de experiencia en ingenier\u00eda de PRFV y todos los aspectos de la fabricaci\u00f3n de pl\u00e1stico reforzado con fibra de vidrio.","robots":{"index":"noindex","follow":"follow","max-snippet":"max-snippet:-1","max-image-preview":"max-image-preview:large","max-video-preview":"max-video-preview:-1"},"og_locale":"es_ES","og_type":"article","og_title":"Equipo de gesti\u00f3n de PRFV - Troy Dualam - Ingenieros de PRFV","og_description":"El equipo de gesti\u00f3n de Troy Dualam tiene d\u00e9cadas de experiencia en ingenier\u00eda de PRFV y todos los aspectos de la fabricaci\u00f3n de pl\u00e1stico reforzado con fibra de vidrio.","og_url":"https:\/\/troydualam.bluehat.hosting\/es\/management\/","og_site_name":"FRP Storage Tanks - Troy Dualam Canada - Fiberglass Reinforced Plastic","article_modified_time":"2024-08-23T15:48:14+00:00","og_image":[{"url":"https:\/\/troydualam.bluehat.hosting\/wp-content\/uploads\/2024\/07\/team_img03.jpg","type":"","width":"","height":""}],"twitter_card":"summary_large_image","twitter_misc":{"Tiempo de lectura":"3 minutos"},"schema":{"@context":"https:\/\/schema.org","@graph":[{"@type":"WebPage","@id":"https:\/\/troydualam.bluehat.hosting\/es\/management\/","url":"https:\/\/troydualam.bluehat.hosting\/es\/management\/","name":"Equipo de gesti\u00f3n de PRFV - Troy Dualam - Ingenieros de PRFV","isPartOf":{"@id":"https:\/\/troydualam.bluehat.hosting\/#website"},"primaryImageOfPage":{"@id":"https:\/\/troydualam.bluehat.hosting\/es\/management\/#primaryimage"},"image":{"@id":"https:\/\/troydualam.bluehat.hosting\/es\/management\/#primaryimage"},"thumbnailUrl":"https:\/\/troydualam.bluehat.hosting\/wp-content\/uploads\/2024\/07\/team_img03.jpg","datePublished":"2024-07-24T17:07:11+00:00","dateModified":"2024-08-23T15:48:14+00:00","description":"El equipo de gesti\u00f3n de Troy Dualam tiene d\u00e9cadas de experiencia en ingenier\u00eda de PRFV y todos los aspectos de la fabricaci\u00f3n de pl\u00e1stico reforzado con fibra de vidrio.","breadcrumb":{"@id":"https:\/\/troydualam.bluehat.hosting\/es\/management\/#breadcrumb"},"inLanguage":"es","potentialAction":[{"@type":"ReadAction","target":["https:\/\/troydualam.bluehat.hosting\/es\/management\/"]}]},{"@type":"ImageObject","inLanguage":"es","@id":"https:\/\/troydualam.bluehat.hosting\/es\/management\/#primaryimage","url":"https:\/\/troydualam.bluehat.hosting\/wp-content\/uploads\/2024\/07\/team_img03.jpg","contentUrl":"https:\/\/troydualam.bluehat.hosting\/wp-content\/uploads\/2024\/07\/team_img03.jpg"},{"@type":"BreadcrumbList","@id":"https:\/\/troydualam.bluehat.hosting\/es\/management\/#breadcrumb","itemListElement":[{"@type":"ListItem","position":1,"name":"Home","item":"https:\/\/troydualam.bluehat.hosting\/es\/"},{"@type":"ListItem","position":2,"name":"Equipo directivo de Troy Dualam"}]},{"@type":"WebSite","@id":"https:\/\/troydualam.bluehat.hosting\/#website","url":"https:\/\/troydualam.bluehat.hosting\/","name":"FRP Storage Tanks - Troy Dualam Canada - Fiberglass Reinforced Plastic","description":"","publisher":{"@id":"https:\/\/troydualam.bluehat.hosting\/#organization"},"potentialAction":[{"@type":"SearchAction","target":{"@type":"EntryPoint","urlTemplate":"https:\/\/troydualam.bluehat.hosting\/?s={search_term_string}"},"query-input":{"@type":"PropertyValueSpecification","valueRequired":true,"valueName":"search_term_string"}}],"inLanguage":"es"},{"@type":"Organization","@id":"https:\/\/troydualam.bluehat.hosting\/#organization","name":"FRP Storage Tanks - Troy Dualam Canada - Fiberglass Reinforced Plastic","url":"https:\/\/troydualam.bluehat.hosting\/","logo":{"@type":"ImageObject","inLanguage":"es","@id":"https:\/\/troydualam.bluehat.hosting\/#\/schema\/logo\/image\/","url":"https:\/\/troydualam.bluehat.hosting\/wp-content\/uploads\/2024\/07\/main-logo.png","contentUrl":"https:\/\/troydualam.bluehat.hosting\/wp-content\/uploads\/2024\/07\/main-logo.png","width":155,"height":90,"caption":"FRP Storage Tanks - Troy Dualam Canada - Fiberglass Reinforced Plastic"},"image":{"@id":"https:\/\/troydualam.bluehat.hosting\/#\/schema\/logo\/image\/"}}]}},"_links":{"self":[{"href":"https:\/\/troydualam.bluehat.hosting\/es\/wp-json\/wp\/v2\/pages\/3218"}],"collection":[{"href":"https:\/\/troydualam.bluehat.hosting\/es\/wp-json\/wp\/v2\/pages"}],"about":[{"href":"https:\/\/troydualam.bluehat.hosting\/es\/wp-json\/wp\/v2\/types\/page"}],"author":[{"embeddable":true,"href":"https:\/\/troydualam.bluehat.hosting\/es\/wp-json\/wp\/v2\/users\/1"}],"replies":[{"embeddable":true,"href":"https:\/\/troydualam.bluehat.hosting\/es\/wp-json\/wp\/v2\/comments?post=3218"}],"version-history":[{"count":10,"href":"https:\/\/troydualam.bluehat.hosting\/es\/wp-json\/wp\/v2\/pages\/3218\/revisions"}],"predecessor-version":[{"id":3638,"href":"https:\/\/troydualam.bluehat.hosting\/es\/wp-json\/wp\/v2\/pages\/3218\/revisions\/3638"}],"wp:attachment":[{"href":"https:\/\/troydualam.bluehat.hosting\/es\/wp-json\/wp\/v2\/media?parent=3218"}],"curies":[{"name":"wp","href":"https:\/\/api.w.org\/{rel}","templated":true}]}}