{"id":2756,"date":"2024-07-24T15:41:17","date_gmt":"2024-07-24T19:41:17","guid":{"rendered":"https:\/\/troydualam.bluehat.hosting\/contact-us\/"},"modified":"2024-08-23T11:49:29","modified_gmt":"2024-08-23T15:49:29","slug":"contact-us","status":"publish","type":"page","link":"https:\/\/troydualam.bluehat.hosting\/es\/contact-us\/","title":{"rendered":"Contacto Troy Dualam"},"content":{"rendered":"\t\t<div data-elementor-type=\"wp-page\" data-elementor-id=\"2756\" class=\"elementor elementor-2756 elementor-2152\" data-elementor-post-type=\"page\">\n\t\t\t\t<div class=\"elementor-element elementor-element-0d3afeb e-con-full e-flex e-con e-parent\" data-id=\"0d3afeb\" data-element_type=\"container\" data-e-type=\"container\">\n\t\t\t\t<div class=\"elementor-element elementor-element-438c768 elementor-widget elementor-widget-text-editor\" data-id=\"438c768\" data-element_type=\"widget\" data-e-type=\"widget\" data-widget_type=\"text-editor.default\">\n\t\t\t\t<div class=\"elementor-widget-container\">\n\t\t\t\t\t\t\t\t\tComun\u00edquese con Troy Dualam para obtener todos sus equipos FRP (pl\u00e1stico reforzado con fibra de vidrio) y Dualam (FRP revestido de termopl\u00e1stico) resistentes a la corrosi\u00f3n.\t\t\t\t\t\t\t\t<\/div>\n\t\t\t\t<\/div>\n\t\t\t\t<div class=\"elementor-element elementor-element-4eaf110 elementor-widget elementor-widget-theme-cta-thre\" data-id=\"4eaf110\" data-element_type=\"widget\" data-e-type=\"widget\" data-widget_type=\"theme-cta-thre.default\">\n\t\t\t\t<div class=\"elementor-widget-container\">\n\t\t\t\t\t\r\n            <section class=\"contact-area pt-120\">\r\n                <div class=\"container\">\r\n\r\n    <div class=\"contact-info-wrap\">\r\n        <div class=\"row justify-content-center\">\r\n            <div class=\"col-lg-4 col-md-6\">\r\n                <div class=\"contact-info-item\">\r\n                    <div class=\"icon\">\r\n                        <i class=\"fas fa-mobile-alt\"><\/i>\r\n                    <\/div>\r\n                    <div class=\"content\">\r\n                        <h4 class=\"title\">Tel\u00e9fono<\/h4>\r\n                        <p><a href=\"tel:(613) 345-1306\">(613) 345-1306<\/a> <br> <a href=\"tel:(613) 345-1257\">(613) 345-1257<\/a><\/p>\r\n                    <\/div>\r\n                <\/div>\r\n            <\/div>\r\n            <div class=\"col-lg-4 col-md-6\">\r\n                <div class=\"contact-info-item\">\r\n                    <div class=\"icon\">\r\n                        <i class=\"fas fa-envelope-open-text\"><\/i>\r\n                    <\/div>\r\n                    <div class=\"content\">\r\n                        <h4 class=\"title\">Correo electr\u00f3nico<\/h4>\r\n                        <p><a href=\"mailto:info@troydualam.com\">info@troydualam.com<\/a> <br> <a href=\"mailto:sales@troydualam.com\">sales@troydualam.com<\/a><\/p>\r\n                    <\/div>\r\n                <\/div>\r\n            <\/div>\r\n            <div class=\"col-lg-4 col-md-6\">\r\n                <div class=\"contact-info-item\">\r\n                    <div class=\"icon\">\r\n                        <i class=\"fas fa-map-marker-alt\"><\/i>\r\n                    <\/div>\r\n                    <div class=\"content\">\r\n                        <h4 class=\"title\">DIRECCI\u00d3N<\/h4>\r\n                        <p>4513 Ferguson Drive Elizabethtown Industrial Park Brockville, ON K6T-1A9 Canada.<\/p>\r\n                    <\/div>\r\n                <\/div>\r\n            <\/div>\r\n        <\/div>\r\n    <\/div>\r\n\r\n<\/div>\r\n\r\n<\/section>\r\n\r\n\r\n\r\n\t\t\t\t\t<\/div>\n\t\t\t\t<\/div>\n\t\t\t\t<\/div>\n\t\t<div class=\"elementor-element elementor-element-d85e572 e-flex e-con-boxed e-con e-parent\" data-id=\"d85e572\" data-element_type=\"container\" data-e-type=\"container\">\n\t\t\t\t\t<div class=\"e-con-inner\">\n\t\t<div class=\"elementor-element elementor-element-cf90e97 e-con-full e-flex e-con e-child\" data-id=\"cf90e97\" data-element_type=\"container\" data-e-type=\"container\">\n\t\t\t\t<div class=\"elementor-element elementor-element-e8e9f18 elementor-widget elementor-widget-google_maps\" data-id=\"e8e9f18\" data-element_type=\"widget\" data-e-type=\"widget\" data-widget_type=\"google_maps.default\">\n\t\t\t\t<div class=\"elementor-widget-container\">\n\t\t\t\t\t\t\t<div class=\"elementor-custom-embed\">\n\t\t\t<iframe loading=\"lazy\"\n\t\t\t\t\tsrc=\"https:\/\/maps.google.com\/maps?q=4513%20Ferguson%20Dr%2C%20Brockville%2C%20ON%20K6T%201A9%2C%20Canada&#038;t=m&#038;z=10&#038;output=embed&#038;iwloc=near\"\n\t\t\t\t\ttitle=\"4513 Ferguson Dr, Brockville, ON K6T 1A9, Canada\"\n\t\t\t\t\taria-label=\"4513 Ferguson Dr, Brockville, ON K6T 1A9, Canada\"\n\t\t\t><\/iframe>\n\t\t<\/div>\n\t\t\t\t\t\t<\/div>\n\t\t\t\t<\/div>\n\t\t\t\t<\/div>\n\t\t<div class=\"elementor-element elementor-element-d7e93b8 e-con-full e-flex e-con e-child\" data-id=\"d7e93b8\" data-element_type=\"container\" data-e-type=\"container\">\n\t\t\t\t<div class=\"elementor-element elementor-element-6f845f9 elementor-widget elementor-widget-shortcode\" data-id=\"6f845f9\" data-element_type=\"widget\" data-e-type=\"widget\" data-widget_type=\"shortcode.default\">\n\t\t\t\t<div class=\"elementor-widget-container\">\n\t\t\t\t\t\t\t<div class=\"elementor-shortcode\">\n<div class=\"wpcf7 no-js\" id=\"wpcf7-f3937-o1\" lang=\"es-ES\" dir=\"ltr\" data-wpcf7-id=\"3937\">\n<div class=\"screen-reader-response\"><p role=\"status\" aria-live=\"polite\" aria-atomic=\"true\"><\/p> <ul><\/ul><\/div>\n<form action=\"\/es\/wp-json\/wp\/v2\/pages\/2756#wpcf7-f3937-o1\" method=\"post\" class=\"wpcf7-form init\" aria-label=\"Formulario de contacto\" novalidate=\"novalidate\" data-status=\"init\">\n<div style=\"display: none;\">\n<input type=\"hidden\" name=\"_wpcf7\" value=\"3937\" \/>\n<input type=\"hidden\" name=\"_wpcf7_version\" value=\"6.0.6\" \/>\n<input type=\"hidden\" name=\"_wpcf7_locale\" value=\"es_ES\" \/>\n<input type=\"hidden\" name=\"_wpcf7_unit_tag\" value=\"wpcf7-f3937-o1\" \/>\n<input type=\"hidden\" name=\"_wpcf7_container_post\" value=\"0\" \/>\n<input type=\"hidden\" name=\"_wpcf7_posted_data_hash\" value=\"\" \/>\n<\/div>\n<div class=\"contact-form-wrap\">\n\t<h2 class=\"title\">Contacto para Servicios\n\t<\/h2>\n\t<div class=\"row\">\n\t\t<div class=\"col-md-6\">\n\t\t\t<div class=\"form-grp\">\n\t\t\t\t<p><span class=\"wpcf7-form-control-wrap\" data-name=\"text-482\"><input size=\"40\" maxlength=\"400\" class=\"wpcf7-form-control wpcf7-text wpcf7-validates-as-required fname\" aria-required=\"true\" aria-invalid=\"false\" placeholder=\"Su nombre\" value=\"\" type=\"text\" name=\"text-482\" \/><\/span>\n\t\t\t\t<\/p>\n\t\t\t<\/div>\n\t\t<\/div>\n\t\t<div class=\"col-md-6\">\n\t\t\t<div class=\"form-grp\">\n\t\t\t\t<p><span class=\"wpcf7-form-control-wrap\" data-name=\"email-419\"><input size=\"40\" maxlength=\"400\" class=\"wpcf7-form-control wpcf7-email wpcf7-validates-as-required wpcf7-text wpcf7-validates-as-email fname\" aria-required=\"true\" aria-invalid=\"false\" placeholder=\"Direcci\u00f3n de correo electr\u00f3nico\" value=\"\" type=\"email\" name=\"email-419\" \/><\/span>\n\t\t\t\t<\/p>\n\t\t\t<\/div>\n\t\t<\/div>\n\t\t<div class=\"col-md-6\">\n\t\t\t<div class=\"form-grp\">\n\t\t\t\t<p><span class=\"wpcf7-form-control-wrap\" data-name=\"number-87\"><input class=\"wpcf7-form-control wpcf7-number wpcf7-validates-as-required wpcf7-validates-as-number fname\" aria-required=\"true\" aria-invalid=\"false\" placeholder=\"N\u00famero de tel\u00e9fono\" value=\"\" type=\"number\" name=\"number-87\" \/><\/span>\n\t\t\t\t<\/p>\n\t\t\t<\/div>\n\t\t<\/div>\n\t\t<div class=\"col-md-6\">\n\t\t\t<div class=\"form-grp\">\n\t\t\t\t<p><span class=\"wpcf7-form-control-wrap\" data-name=\"text-483\"><input size=\"40\" maxlength=\"400\" class=\"wpcf7-form-control wpcf7-text wpcf7-validates-as-required fname\" aria-required=\"true\" aria-invalid=\"false\" placeholder=\"Sujeto\" value=\"\" type=\"text\" name=\"text-483\" \/><\/span>\n\t\t\t\t<\/p>\n\t\t\t<\/div>\n\t\t<\/div>\n\t<\/div>\n\t<div class=\"form-grp\">\n\t\t<p><span class=\"wpcf7-form-control-wrap\" data-name=\"textarea-22\"><textarea cols=\"40\" rows=\"10\" maxlength=\"2000\" class=\"wpcf7-form-control wpcf7-textarea wpcf7-validates-as-required ftext\" aria-required=\"true\" aria-invalid=\"false\" placeholder=\"escribir mensaje\" name=\"textarea-22\"><\/textarea><\/span>\n\t\t<\/p>\n\t<\/div>\n\t<p><button type=\"submit\" class=\"btn\">enviar un mensaje<\/button>\n\t<\/p>\n<\/div><p style=\"display: none !important;\" class=\"akismet-fields-container\" data-prefix=\"_wpcf7_ak_\"><label>&#916;<textarea name=\"_wpcf7_ak_hp_textarea\" cols=\"45\" rows=\"8\" maxlength=\"100\"><\/textarea><\/label><input type=\"hidden\" id=\"ak_js_1\" name=\"_wpcf7_ak_js\" value=\"100\"\/><script>document.getElementById( \"ak_js_1\" ).setAttribute( \"value\", ( new Date() ).getTime() );<\/script><\/p><div class=\"wpcf7-response-output\" aria-hidden=\"true\"><\/div>\n<\/form>\n<\/div>\n<\/div>\n\t\t\t\t\t\t<\/div>\n\t\t\t\t<\/div>\n\t\t\t\t<\/div>\n\t\t\t\t\t<\/div>\n\t\t\t\t<\/div>\n\t\t<div class=\"elementor-element elementor-element-e5cea6c e-flex e-con-boxed e-con e-parent\" data-id=\"e5cea6c\" data-element_type=\"container\" data-e-type=\"container\" data-settings=\"{&quot;background_background&quot;:&quot;classic&quot;}\">\n\t\t\t\t\t<div class=\"e-con-inner\">\n\t\t<div class=\"elementor-element elementor-element-a448ac0 e-flex e-con-boxed e-con e-child\" data-id=\"a448ac0\" data-element_type=\"container\" data-e-type=\"container\">\n\t\t\t\t\t<div class=\"e-con-inner\">\n\t\t\t\t<div class=\"elementor-element elementor-element-448a149 elementor-widget elementor-widget-heading\" data-id=\"448a149\" data-element_type=\"widget\" data-e-type=\"widget\" data-widget_type=\"heading.default\">\n\t\t\t\t<div class=\"elementor-widget-container\">\n\t\t\t\t\t<h2 class=\"elementor-heading-title elementor-size-default\">Distribuci\u00f3n mundial<\/h2>\t\t\t\t<\/div>\n\t\t\t\t<\/div>\n\t\t\t\t<div class=\"elementor-element elementor-element-5687f29 elementor-widget elementor-widget-text-editor\" data-id=\"5687f29\" data-element_type=\"widget\" data-e-type=\"widget\" data-widget_type=\"text-editor.default\">\n\t\t\t\t<div class=\"elementor-widget-container\">\n\t\t\t\t\t\t\t\t\tUno de los principales fabricantes de FIBRA DE VIDRIO y fibra de vidrio de Norteam\u00e9rica. Equipo COMPOSITE DOBLE LAMINADO.\n\nNuestra planta de fabricaci\u00f3n est\u00e1 ubicada en el hermoso sureste de Ontario.\nEstamos muy cerca de 2 cruces fronterizos internacionales y de la v\u00eda mar\u00edtima de St. Lawrence para env\u00edos al extranjero.\nSomos altamente ambulatorios y podemos establecer equipos de campo donde sea que se nos necesite.\t\t\t\t\t\t\t\t<\/div>\n\t\t\t\t<\/div>\n\t\t\t\t\t<\/div>\n\t\t\t\t<\/div>\n\t\t<div class=\"elementor-element elementor-element-b5d6356 e-flex e-con-boxed e-con e-child\" data-id=\"b5d6356\" data-element_type=\"container\" data-e-type=\"container\">\n\t\t\t\t\t<div class=\"e-con-inner\">\n\t\t\t\t<div class=\"elementor-element elementor-element-49b325d elementor-widget elementor-widget-image\" data-id=\"49b325d\" data-element_type=\"widget\" data-e-type=\"widget\" data-widget_type=\"image.default\">\n\t\t\t\t<div class=\"elementor-widget-container\">\n\t\t\t\t\t\t\t\t\t\t\t\t\t\t\t<img fetchpriority=\"high\" decoding=\"async\" width=\"600\" height=\"337\" src=\"https:\/\/troydualam.bluehat.hosting\/wp-content\/uploads\/2024\/07\/plant2017.jpg\" class=\"attachment-large size-large wp-image-1912\" alt=\"\" srcset=\"https:\/\/troydualam.bluehat.hosting\/wp-content\/uploads\/2024\/07\/plant2017.jpg 600w, https:\/\/troydualam.bluehat.hosting\/wp-content\/uploads\/2024\/07\/plant2017-300x169.jpg 300w\" sizes=\"(max-width: 600px) 100vw, 600px\" \/>\t\t\t\t\t\t\t\t\t\t\t\t\t\t\t<\/div>\n\t\t\t\t<\/div>\n\t\t\t\t\t<\/div>\n\t\t\t\t<\/div>\n\t\t\t\t\t<\/div>\n\t\t\t\t<\/div>\n\t\t\t\t<\/div>\n\t\t","protected":false},"excerpt":{"rendered":"<p>Comun\u00edquese con Troy Dualam para obtener todos sus equipos FRP (pl\u00e1stico reforzado con fibra de vidrio) y Dualam (FRP revestido de termopl\u00e1stico) resistentes a la corrosi\u00f3n. Tel\u00e9fono (613) 345-1306 (613) 345-1257 Correo electr\u00f3nico info@troydualam.com sales@troydualam.com DIRECCI\u00d3N 4513 Ferguson Drive Elizabethtown Industrial Park Brockville, ON K6T-1A9 Canada. Distribuci\u00f3n mundial Uno de los principales fabricantes de FIBRA [&hellip;]<\/p>\n","protected":false},"author":1,"featured_media":0,"parent":0,"menu_order":0,"comment_status":"closed","ping_status":"closed","template":"","meta":{"footnotes":""},"class_list":["post-2756","page","type-page","status-publish","hentry"],"yoast_head":"<!-- This site is optimized with the Yoast SEO plugin v25.6 - https:\/\/yoast.com\/wordpress\/plugins\/seo\/ -->\n<title>CONTACTO - Troy Dualam Inc.<\/title>\n<meta name=\"description\" content=\"Contacte a Troy Dualam para todos sus equipos de PRFV (pl\u00e1stico reforzado con fibra de vidrio) resistentes a la corrosi\u00f3n y Dualam (PRFV revestido de termopl\u00e1stico).\" \/>\n<meta name=\"robots\" content=\"noindex, follow, max-snippet:-1, max-image-preview:large, max-video-preview:-1\" \/>\n<meta property=\"og:locale\" content=\"es_ES\" \/>\n<meta property=\"og:type\" content=\"article\" \/>\n<meta property=\"og:title\" content=\"CONTACTO - Troy Dualam Inc.\" \/>\n<meta property=\"og:description\" content=\"Contacte a Troy Dualam para todos sus equipos de PRFV (pl\u00e1stico reforzado con fibra de vidrio) resistentes a la corrosi\u00f3n y Dualam (PRFV revestido de termopl\u00e1stico).\" \/>\n<meta property=\"og:url\" content=\"https:\/\/troydualam.bluehat.hosting\/es\/contact-us\/\" \/>\n<meta property=\"og:site_name\" content=\"FRP Storage Tanks - Troy Dualam Canada - Fiberglass Reinforced Plastic\" \/>\n<meta property=\"article:modified_time\" content=\"2024-08-23T15:49:29+00:00\" \/>\n<meta property=\"og:image\" content=\"https:\/\/troydualam.bluehat.hosting\/wp-content\/uploads\/2024\/07\/plant2017.jpg\" \/>\n<meta name=\"twitter:card\" content=\"summary_large_image\" \/>\n<meta name=\"twitter:label1\" content=\"Tiempo de lectura\" \/>\n\t<meta name=\"twitter:data1\" content=\"1 minuto\" \/>\n<script type=\"application\/ld+json\" class=\"yoast-schema-graph\">{\"@context\":\"https:\/\/schema.org\",\"@graph\":[{\"@type\":\"WebPage\",\"@id\":\"https:\/\/troydualam.bluehat.hosting\/es\/contact-us\/\",\"url\":\"https:\/\/troydualam.bluehat.hosting\/es\/contact-us\/\",\"name\":\"CONTACTO - Troy Dualam Inc.\",\"isPartOf\":{\"@id\":\"https:\/\/troydualam.bluehat.hosting\/#website\"},\"primaryImageOfPage\":{\"@id\":\"https:\/\/troydualam.bluehat.hosting\/es\/contact-us\/#primaryimage\"},\"image\":{\"@id\":\"https:\/\/troydualam.bluehat.hosting\/es\/contact-us\/#primaryimage\"},\"thumbnailUrl\":\"https:\/\/troydualam.bluehat.hosting\/wp-content\/uploads\/2024\/07\/plant2017.jpg\",\"datePublished\":\"2024-07-24T19:41:17+00:00\",\"dateModified\":\"2024-08-23T15:49:29+00:00\",\"description\":\"Contacte a Troy Dualam para todos sus equipos de PRFV (pl\u00e1stico reforzado con fibra de vidrio) resistentes a la corrosi\u00f3n y Dualam (PRFV revestido de termopl\u00e1stico).\",\"breadcrumb\":{\"@id\":\"https:\/\/troydualam.bluehat.hosting\/es\/contact-us\/#breadcrumb\"},\"inLanguage\":\"es\",\"potentialAction\":[{\"@type\":\"ReadAction\",\"target\":[\"https:\/\/troydualam.bluehat.hosting\/es\/contact-us\/\"]}]},{\"@type\":\"ImageObject\",\"inLanguage\":\"es\",\"@id\":\"https:\/\/troydualam.bluehat.hosting\/es\/contact-us\/#primaryimage\",\"url\":\"https:\/\/troydualam.bluehat.hosting\/wp-content\/uploads\/2024\/07\/plant2017.jpg\",\"contentUrl\":\"https:\/\/troydualam.bluehat.hosting\/wp-content\/uploads\/2024\/07\/plant2017.jpg\"},{\"@type\":\"BreadcrumbList\",\"@id\":\"https:\/\/troydualam.bluehat.hosting\/es\/contact-us\/#breadcrumb\",\"itemListElement\":[{\"@type\":\"ListItem\",\"position\":1,\"name\":\"Home\",\"item\":\"https:\/\/troydualam.bluehat.hosting\/es\/\"},{\"@type\":\"ListItem\",\"position\":2,\"name\":\"Contacto Troy Dualam\"}]},{\"@type\":\"WebSite\",\"@id\":\"https:\/\/troydualam.bluehat.hosting\/#website\",\"url\":\"https:\/\/troydualam.bluehat.hosting\/\",\"name\":\"FRP Storage Tanks - Troy Dualam Canada - Fiberglass Reinforced Plastic\",\"description\":\"\",\"publisher\":{\"@id\":\"https:\/\/troydualam.bluehat.hosting\/#organization\"},\"potentialAction\":[{\"@type\":\"SearchAction\",\"target\":{\"@type\":\"EntryPoint\",\"urlTemplate\":\"https:\/\/troydualam.bluehat.hosting\/?s={search_term_string}\"},\"query-input\":{\"@type\":\"PropertyValueSpecification\",\"valueRequired\":true,\"valueName\":\"search_term_string\"}}],\"inLanguage\":\"es\"},{\"@type\":\"Organization\",\"@id\":\"https:\/\/troydualam.bluehat.hosting\/#organization\",\"name\":\"FRP Storage Tanks - Troy Dualam Canada - Fiberglass Reinforced Plastic\",\"url\":\"https:\/\/troydualam.bluehat.hosting\/\",\"logo\":{\"@type\":\"ImageObject\",\"inLanguage\":\"es\",\"@id\":\"https:\/\/troydualam.bluehat.hosting\/#\/schema\/logo\/image\/\",\"url\":\"https:\/\/troydualam.bluehat.hosting\/wp-content\/uploads\/2024\/07\/main-logo.png\",\"contentUrl\":\"https:\/\/troydualam.bluehat.hosting\/wp-content\/uploads\/2024\/07\/main-logo.png\",\"width\":155,\"height\":90,\"caption\":\"FRP Storage Tanks - Troy Dualam Canada - Fiberglass Reinforced Plastic\"},\"image\":{\"@id\":\"https:\/\/troydualam.bluehat.hosting\/#\/schema\/logo\/image\/\"}}]}<\/script>\n<!-- \/ Yoast SEO plugin. -->","yoast_head_json":{"title":"CONTACTO - Troy Dualam Inc.","description":"Contacte a Troy Dualam para todos sus equipos de PRFV (pl\u00e1stico reforzado con fibra de vidrio) resistentes a la corrosi\u00f3n y Dualam (PRFV revestido de termopl\u00e1stico).","robots":{"index":"noindex","follow":"follow","max-snippet":"max-snippet:-1","max-image-preview":"max-image-preview:large","max-video-preview":"max-video-preview:-1"},"og_locale":"es_ES","og_type":"article","og_title":"CONTACTO - Troy Dualam Inc.","og_description":"Contacte a Troy Dualam para todos sus equipos de PRFV (pl\u00e1stico reforzado con fibra de vidrio) resistentes a la corrosi\u00f3n y Dualam (PRFV revestido de termopl\u00e1stico).","og_url":"https:\/\/troydualam.bluehat.hosting\/es\/contact-us\/","og_site_name":"FRP Storage Tanks - Troy Dualam Canada - Fiberglass Reinforced Plastic","article_modified_time":"2024-08-23T15:49:29+00:00","og_image":[{"url":"https:\/\/troydualam.bluehat.hosting\/wp-content\/uploads\/2024\/07\/plant2017.jpg","type":"","width":"","height":""}],"twitter_card":"summary_large_image","twitter_misc":{"Tiempo de lectura":"1 minuto"},"schema":{"@context":"https:\/\/schema.org","@graph":[{"@type":"WebPage","@id":"https:\/\/troydualam.bluehat.hosting\/es\/contact-us\/","url":"https:\/\/troydualam.bluehat.hosting\/es\/contact-us\/","name":"CONTACTO - Troy Dualam Inc.","isPartOf":{"@id":"https:\/\/troydualam.bluehat.hosting\/#website"},"primaryImageOfPage":{"@id":"https:\/\/troydualam.bluehat.hosting\/es\/contact-us\/#primaryimage"},"image":{"@id":"https:\/\/troydualam.bluehat.hosting\/es\/contact-us\/#primaryimage"},"thumbnailUrl":"https:\/\/troydualam.bluehat.hosting\/wp-content\/uploads\/2024\/07\/plant2017.jpg","datePublished":"2024-07-24T19:41:17+00:00","dateModified":"2024-08-23T15:49:29+00:00","description":"Contacte a Troy Dualam para todos sus equipos de PRFV (pl\u00e1stico reforzado con fibra de vidrio) resistentes a la corrosi\u00f3n y Dualam (PRFV revestido de termopl\u00e1stico).","breadcrumb":{"@id":"https:\/\/troydualam.bluehat.hosting\/es\/contact-us\/#breadcrumb"},"inLanguage":"es","potentialAction":[{"@type":"ReadAction","target":["https:\/\/troydualam.bluehat.hosting\/es\/contact-us\/"]}]},{"@type":"ImageObject","inLanguage":"es","@id":"https:\/\/troydualam.bluehat.hosting\/es\/contact-us\/#primaryimage","url":"https:\/\/troydualam.bluehat.hosting\/wp-content\/uploads\/2024\/07\/plant2017.jpg","contentUrl":"https:\/\/troydualam.bluehat.hosting\/wp-content\/uploads\/2024\/07\/plant2017.jpg"},{"@type":"BreadcrumbList","@id":"https:\/\/troydualam.bluehat.hosting\/es\/contact-us\/#breadcrumb","itemListElement":[{"@type":"ListItem","position":1,"name":"Home","item":"https:\/\/troydualam.bluehat.hosting\/es\/"},{"@type":"ListItem","position":2,"name":"Contacto Troy Dualam"}]},{"@type":"WebSite","@id":"https:\/\/troydualam.bluehat.hosting\/#website","url":"https:\/\/troydualam.bluehat.hosting\/","name":"FRP Storage Tanks - Troy Dualam Canada - Fiberglass Reinforced Plastic","description":"","publisher":{"@id":"https:\/\/troydualam.bluehat.hosting\/#organization"},"potentialAction":[{"@type":"SearchAction","target":{"@type":"EntryPoint","urlTemplate":"https:\/\/troydualam.bluehat.hosting\/?s={search_term_string}"},"query-input":{"@type":"PropertyValueSpecification","valueRequired":true,"valueName":"search_term_string"}}],"inLanguage":"es"},{"@type":"Organization","@id":"https:\/\/troydualam.bluehat.hosting\/#organization","name":"FRP Storage Tanks - Troy Dualam Canada - Fiberglass Reinforced Plastic","url":"https:\/\/troydualam.bluehat.hosting\/","logo":{"@type":"ImageObject","inLanguage":"es","@id":"https:\/\/troydualam.bluehat.hosting\/#\/schema\/logo\/image\/","url":"https:\/\/troydualam.bluehat.hosting\/wp-content\/uploads\/2024\/07\/main-logo.png","contentUrl":"https:\/\/troydualam.bluehat.hosting\/wp-content\/uploads\/2024\/07\/main-logo.png","width":155,"height":90,"caption":"FRP Storage Tanks - Troy Dualam Canada - Fiberglass Reinforced Plastic"},"image":{"@id":"https:\/\/troydualam.bluehat.hosting\/#\/schema\/logo\/image\/"}}]}},"_links":{"self":[{"href":"https:\/\/troydualam.bluehat.hosting\/es\/wp-json\/wp\/v2\/pages\/2756"}],"collection":[{"href":"https:\/\/troydualam.bluehat.hosting\/es\/wp-json\/wp\/v2\/pages"}],"about":[{"href":"https:\/\/troydualam.bluehat.hosting\/es\/wp-json\/wp\/v2\/types\/page"}],"author":[{"embeddable":true,"href":"https:\/\/troydualam.bluehat.hosting\/es\/wp-json\/wp\/v2\/users\/1"}],"replies":[{"embeddable":true,"href":"https:\/\/troydualam.bluehat.hosting\/es\/wp-json\/wp\/v2\/comments?post=2756"}],"version-history":[{"count":16,"href":"https:\/\/troydualam.bluehat.hosting\/es\/wp-json\/wp\/v2\/pages\/2756\/revisions"}],"predecessor-version":[{"id":4009,"href":"https:\/\/troydualam.bluehat.hosting\/es\/wp-json\/wp\/v2\/pages\/2756\/revisions\/4009"}],"wp:attachment":[{"href":"https:\/\/troydualam.bluehat.hosting\/es\/wp-json\/wp\/v2\/media?parent=2756"}],"curies":[{"name":"wp","href":"https:\/\/api.w.org\/{rel}","templated":true}]}}